{"id":3188,"date":"2023-06-27T08:17:58","date_gmt":"2023-06-27T06:17:58","guid":{"rendered":"https:\/\/edihcassovium.sk\/cookie\/"},"modified":"2025-05-22T11:10:06","modified_gmt":"2025-05-22T09:10:06","slug":"cookie","status":"publish","type":"page","link":"https:\/\/edihcassovium.sk\/en\/cookie\/","title":{"rendered":"Cookie"},"content":{"rendered":"\t\t<div data-elementor-type=\"wp-page\" data-elementor-id=\"3188\" class=\"elementor elementor-3188 elementor-538\" data-elementor-settings=\"{&quot;ha_cmc_init_switcher&quot;:&quot;no&quot;}\" data-elementor-post-type=\"page\">\n\t\t\t\t<div class=\"elementor-element elementor-element-bd1d29d e-flex e-con-boxed e-con e-parent\" data-id=\"bd1d29d\" data-element_type=\"container\" data-settings=\"{&quot;jet_parallax_layout_list&quot;:[],&quot;_ha_eqh_enable&quot;:false}\">\n\t\t\t\t\t<div class=\"e-con-inner\">\n\t\t\t\t<div class=\"elementor-element elementor-element-8352ce5 elementor-widget elementor-widget-text-editor\" data-id=\"8352ce5\" data-element_type=\"widget\" data-widget_type=\"text-editor.default\">\n\t\t\t\t<div class=\"elementor-widget-container\">\n\t\t\t\t\t\t\t\t\t<h2><strong>Why do we use cookies?<\/strong><\/h2><p>This website uses cookies and other tracking technologies to ensure full functionality of the site, personalize your user experience, perform analytics, and deliver personalized advertising on the website, in applications, newsletters, and across the internet and social media platforms.<\/p><h2><strong>What is a cookie?<\/strong><\/h2><p>A cookie is a small text file that is downloaded to your device, such as a computer or smartphone, when you access our website.<\/p><p>We use cookies and similar technologies to ensure our website functions effectively and to enhance your personalized user experience.<\/p><p>When we refer to cookies, we include first-party and third-party cookies, tracking pixels and plugins including technologies from independent publishers, and other tracking technologies.<\/p><p>Each cookie has a publisher, which indicates who owns the cookie. The publisher is the owner of the domain specified in the cookie. When you visit our website, cookies are stored on your device for various reasons. These are known as first-party cookies. Cookies set by an independent company, such as social media platforms or advertising technology providers, are called third-party cookies.<\/p><p>Below you will find more detailed information about the cookies we use and the reasons we use them.<\/p><h2><strong>How can you withdraw your consent to the use of cookies?<\/strong><\/h2><p>You can deactivate non-essential cookies at any time by withdrawing your consent. You can manage your cookie preferences in the Cookie Settings section at the bottom of this website.<\/p><p>In addition to withdrawing consent, you can prevent your browser from accepting cookies by adjusting your browser&#8217;s cookie settings.<\/p><p><a href=\"https:\/\/support.google.com\/accounts\/answer\/61416?hl=en\">Chrome<\/a><br \/><a href=\"https:\/\/support.mozilla.org\/en-US\/kb\/enhanced-tracking-protection-firefox-desktop?redirectslug=povolenie-zakazanie-cookies&amp;redirectlocale=en\">Firefox<\/a><br \/><a href=\"https:\/\/help.opera.com\/en\/latest\/web-preferences\/\">Opera<\/a><br \/><a href=\"https:\/\/support.microsoft.com\/en-us\/microsoft-edge\/view-cookies-in-microsoft-edge-a7d95376-f2cd-8e4a-25dc-1de753474879\">Edge<\/a><\/p><p>All commercial web browsers include features for managing cookies.<\/p><p><strong>Check your browser to learn more about how to delete or disable cookies.<\/strong><\/p><p><strong>If you choose to disable cookies, it may limit functionality and negatively affect your user experience.<\/strong><\/p>\t\t\t\t\t\t\t\t<\/div>\n\t\t\t\t<\/div>\n\t\t\t\t\t<\/div>\n\t\t\t\t<\/div>\n\t\t\t\t<\/div>\n\t\t","protected":false},"excerpt":{"rendered":"<p>Why do we use cookies? This website uses cookies and other tracking technologies to ensure full functionality of the site, personalize your user experience, perform analytics, and deliver personalized advertising [&hellip;]<\/p>\n","protected":false},"author":1,"featured_media":0,"parent":0,"menu_order":0,"comment_status":"closed","ping_status":"closed","template":"elementor_header_footer","meta":{"footnotes":""},"class_list":["post-3188","page","type-page","status-publish","hentry"],"yoast_head":"<!-- This site is optimized with the Yoast SEO plugin v26.8 - https:\/\/yoast.com\/product\/yoast-seo-wordpress\/ -->\n<title>Cookie - Cassovium<\/title>\n<meta name=\"robots\" content=\"index, follow, max-snippet:-1, max-image-preview:large, max-video-preview:-1\" \/>\n<link rel=\"canonical\" href=\"https:\/\/edihcassovium.sk\/en\/cookie\/\" \/>\n<meta property=\"og:locale\" content=\"en_US\" \/>\n<meta property=\"og:type\" content=\"article\" \/>\n<meta property=\"og:title\" content=\"Cookie - Cassovium\" \/>\n<meta property=\"og:description\" content=\"Why do we use cookies? This website uses cookies and other tracking technologies to ensure full functionality of the site, personalize your user experience, perform analytics, and deliver personalized advertising [&hellip;]\" \/>\n<meta property=\"og:url\" content=\"https:\/\/edihcassovium.sk\/en\/cookie\/\" \/>\n<meta property=\"og:site_name\" content=\"Cassovium\" \/>\n<meta property=\"article:publisher\" content=\"https:\/\/www.facebook.com\/EDIHCASSOVIUM\" \/>\n<meta property=\"article:modified_time\" content=\"2025-05-22T09:10:06+00:00\" \/>\n<meta name=\"twitter:card\" content=\"summary_large_image\" \/>\n<meta name=\"twitter:label1\" content=\"Est. reading time\" \/>\n\t<meta name=\"twitter:data1\" content=\"2 minutes\" \/>\n<script type=\"application\/ld+json\" class=\"yoast-schema-graph\">{\"@context\":\"https:\/\/schema.org\",\"@graph\":[{\"@type\":\"WebPage\",\"@id\":\"https:\/\/edihcassovium.sk\/en\/cookie\/\",\"url\":\"https:\/\/edihcassovium.sk\/en\/cookie\/\",\"name\":\"Cookie - Cassovium\",\"isPartOf\":{\"@id\":\"https:\/\/edihcassovium.sk\/en\/#website\"},\"datePublished\":\"2023-06-27T06:17:58+00:00\",\"dateModified\":\"2025-05-22T09:10:06+00:00\",\"breadcrumb\":{\"@id\":\"https:\/\/edihcassovium.sk\/en\/cookie\/#breadcrumb\"},\"inLanguage\":\"en-US\",\"potentialAction\":[{\"@type\":\"ReadAction\",\"target\":[\"https:\/\/edihcassovium.sk\/en\/cookie\/\"]}]},{\"@type\":\"BreadcrumbList\",\"@id\":\"https:\/\/edihcassovium.sk\/en\/cookie\/#breadcrumb\",\"itemListElement\":[{\"@type\":\"ListItem\",\"position\":1,\"name\":\"Domovsk\u00e1 str\u00e1nka\",\"item\":\"https:\/\/edihcassovium.sk\/en\/\"},{\"@type\":\"ListItem\",\"position\":2,\"name\":\"Cookie\"}]},{\"@type\":\"WebSite\",\"@id\":\"https:\/\/edihcassovium.sk\/en\/#website\",\"url\":\"https:\/\/edihcassovium.sk\/en\/\",\"name\":\"Cassovium\",\"description\":\"Region\u00e1lny EDIH pre v\u00fdchodn\u00e9 Slovensko\",\"publisher\":{\"@id\":\"https:\/\/edihcassovium.sk\/en\/#organization\"},\"potentialAction\":[{\"@type\":\"SearchAction\",\"target\":{\"@type\":\"EntryPoint\",\"urlTemplate\":\"https:\/\/edihcassovium.sk\/en\/?s={search_term_string}\"},\"query-input\":{\"@type\":\"PropertyValueSpecification\",\"valueRequired\":true,\"valueName\":\"search_term_string\"}}],\"inLanguage\":\"en-US\"},{\"@type\":\"Organization\",\"@id\":\"https:\/\/edihcassovium.sk\/en\/#organization\",\"name\":\"EDIH Cassovium\",\"url\":\"https:\/\/edihcassovium.sk\/en\/\",\"logo\":{\"@type\":\"ImageObject\",\"inLanguage\":\"en-US\",\"@id\":\"https:\/\/edihcassovium.sk\/en\/#\/schema\/logo\/image\/\",\"url\":\"https:\/\/edihcassovium.sk\/wp-content\/uploads\/2023\/06\/cassovium-logo.svg\",\"contentUrl\":\"https:\/\/edihcassovium.sk\/wp-content\/uploads\/2023\/06\/cassovium-logo.svg\",\"width\":603,\"height\":215,\"caption\":\"EDIH Cassovium\"},\"image\":{\"@id\":\"https:\/\/edihcassovium.sk\/en\/#\/schema\/logo\/image\/\"},\"sameAs\":[\"https:\/\/www.facebook.com\/EDIHCASSOVIUM\",\"https:\/\/www.instagram.com\/edihcassovium\/\",\"https:\/\/www.linkedin.com\/company\/edih-cassovium\/\"]}]}<\/script>\n<!-- \/ Yoast SEO plugin. -->","yoast_head_json":{"title":"Cookie - Cassovium","robots":{"index":"index","follow":"follow","max-snippet":"max-snippet:-1","max-image-preview":"max-image-preview:large","max-video-preview":"max-video-preview:-1"},"canonical":"https:\/\/edihcassovium.sk\/en\/cookie\/","og_locale":"en_US","og_type":"article","og_title":"Cookie - Cassovium","og_description":"Why do we use cookies? This website uses cookies and other tracking technologies to ensure full functionality of the site, personalize your user experience, perform analytics, and deliver personalized advertising [&hellip;]","og_url":"https:\/\/edihcassovium.sk\/en\/cookie\/","og_site_name":"Cassovium","article_publisher":"https:\/\/www.facebook.com\/EDIHCASSOVIUM","article_modified_time":"2025-05-22T09:10:06+00:00","twitter_card":"summary_large_image","twitter_misc":{"Est. reading time":"2 minutes"},"schema":{"@context":"https:\/\/schema.org","@graph":[{"@type":"WebPage","@id":"https:\/\/edihcassovium.sk\/en\/cookie\/","url":"https:\/\/edihcassovium.sk\/en\/cookie\/","name":"Cookie - Cassovium","isPartOf":{"@id":"https:\/\/edihcassovium.sk\/en\/#website"},"datePublished":"2023-06-27T06:17:58+00:00","dateModified":"2025-05-22T09:10:06+00:00","breadcrumb":{"@id":"https:\/\/edihcassovium.sk\/en\/cookie\/#breadcrumb"},"inLanguage":"en-US","potentialAction":[{"@type":"ReadAction","target":["https:\/\/edihcassovium.sk\/en\/cookie\/"]}]},{"@type":"BreadcrumbList","@id":"https:\/\/edihcassovium.sk\/en\/cookie\/#breadcrumb","itemListElement":[{"@type":"ListItem","position":1,"name":"Domovsk\u00e1 str\u00e1nka","item":"https:\/\/edihcassovium.sk\/en\/"},{"@type":"ListItem","position":2,"name":"Cookie"}]},{"@type":"WebSite","@id":"https:\/\/edihcassovium.sk\/en\/#website","url":"https:\/\/edihcassovium.sk\/en\/","name":"Cassovium","description":"Region\u00e1lny EDIH pre v\u00fdchodn\u00e9 Slovensko","publisher":{"@id":"https:\/\/edihcassovium.sk\/en\/#organization"},"potentialAction":[{"@type":"SearchAction","target":{"@type":"EntryPoint","urlTemplate":"https:\/\/edihcassovium.sk\/en\/?s={search_term_string}"},"query-input":{"@type":"PropertyValueSpecification","valueRequired":true,"valueName":"search_term_string"}}],"inLanguage":"en-US"},{"@type":"Organization","@id":"https:\/\/edihcassovium.sk\/en\/#organization","name":"EDIH Cassovium","url":"https:\/\/edihcassovium.sk\/en\/","logo":{"@type":"ImageObject","inLanguage":"en-US","@id":"https:\/\/edihcassovium.sk\/en\/#\/schema\/logo\/image\/","url":"https:\/\/edihcassovium.sk\/wp-content\/uploads\/2023\/06\/cassovium-logo.svg","contentUrl":"https:\/\/edihcassovium.sk\/wp-content\/uploads\/2023\/06\/cassovium-logo.svg","width":603,"height":215,"caption":"EDIH Cassovium"},"image":{"@id":"https:\/\/edihcassovium.sk\/en\/#\/schema\/logo\/image\/"},"sameAs":["https:\/\/www.facebook.com\/EDIHCASSOVIUM","https:\/\/www.instagram.com\/edihcassovium\/","https:\/\/www.linkedin.com\/company\/edih-cassovium\/"]}]}},"_links":{"self":[{"href":"https:\/\/edihcassovium.sk\/en\/wp-json\/wp\/v2\/pages\/3188","targetHints":{"allow":["GET"]}}],"collection":[{"href":"https:\/\/edihcassovium.sk\/en\/wp-json\/wp\/v2\/pages"}],"about":[{"href":"https:\/\/edihcassovium.sk\/en\/wp-json\/wp\/v2\/types\/page"}],"author":[{"embeddable":true,"href":"https:\/\/edihcassovium.sk\/en\/wp-json\/wp\/v2\/users\/1"}],"replies":[{"embeddable":true,"href":"https:\/\/edihcassovium.sk\/en\/wp-json\/wp\/v2\/comments?post=3188"}],"version-history":[{"count":5,"href":"https:\/\/edihcassovium.sk\/en\/wp-json\/wp\/v2\/pages\/3188\/revisions"}],"predecessor-version":[{"id":3195,"href":"https:\/\/edihcassovium.sk\/en\/wp-json\/wp\/v2\/pages\/3188\/revisions\/3195"}],"wp:attachment":[{"href":"https:\/\/edihcassovium.sk\/en\/wp-json\/wp\/v2\/media?parent=3188"}],"curies":[{"name":"wp","href":"https:\/\/api.w.org\/{rel}","templated":true}]}}