{"id":3224,"date":"2023-08-09T11:45:46","date_gmt":"2023-08-09T09:45:46","guid":{"rendered":"https:\/\/edihcassovium.sk\/financovanie-edih\/"},"modified":"2025-05-22T11:57:55","modified_gmt":"2025-05-22T09:57:55","slug":"edih-funding","status":"publish","type":"page","link":"https:\/\/edihcassovium.sk\/en\/edih-funding\/","title":{"rendered":"EDIH funding"},"content":{"rendered":"\t\t<div data-elementor-type=\"wp-page\" data-elementor-id=\"3224\" class=\"elementor elementor-3224 elementor-1001\" data-elementor-settings=\"{&quot;ha_cmc_init_switcher&quot;:&quot;no&quot;}\" data-elementor-post-type=\"page\">\n\t\t\t\t<div class=\"elementor-element elementor-element-f1c1659 e-flex e-con-boxed e-con e-parent\" data-id=\"f1c1659\" data-element_type=\"container\" data-settings=\"{&quot;jet_parallax_layout_list&quot;:[],&quot;_ha_eqh_enable&quot;:false}\">\n\t\t\t\t\t<div class=\"e-con-inner\">\n\t\t\t\t<div class=\"elementor-element elementor-element-eeebaf3 elementor-widget elementor-widget-text-editor\" data-id=\"eeebaf3\" data-element_type=\"widget\" data-widget_type=\"text-editor.default\">\n\t\t\t\t<div class=\"elementor-widget-container\">\n\t\t\t\t\t\t\t\t\t<p>Entities that participated in the European Commission&#8217;s call from November 2021 to February 2022 could become European Digital Innovation Hubs. The Commission allocated \u20ac6.2 million from the centrally managed Digital Europe Programme for their establishment in Slovakia. The implementation and launch of the European Digital Innovation Hubs is overseen by the Ministry of Investments, Regional Development and Informatization of the Slovak Republic.<\/p><p>The project is funded by the EU budget and the Recovery and Resilience Plan under Component 17: Digital Slovakia.<\/p><p>More information about the Recovery Plan can be found at <a href=\"https:\/\/www.planobnovy.sk\">www.planobnovy.sk<\/a><\/p>\t\t\t\t\t\t\t\t<\/div>\n\t\t\t\t<\/div>\n\t\t\t\t\t<\/div>\n\t\t\t\t<\/div>\n\t\t<div class=\"elementor-element elementor-element-124cfba e-flex e-con-boxed e-con e-parent\" data-id=\"124cfba\" data-element_type=\"container\" data-settings=\"{&quot;jet_parallax_layout_list&quot;:[],&quot;_ha_eqh_enable&quot;:false}\">\n\t\t\t\t\t<div class=\"e-con-inner\">\n\t\t\t\t<div class=\"elementor-element elementor-element-559f63a elementor-widget elementor-widget-image\" data-id=\"559f63a\" data-element_type=\"widget\" data-widget_type=\"image.default\">\n\t\t\t\t<div class=\"elementor-widget-container\">\n\t\t\t\t\t\t\t\t\t\t\t\t\t\t\t<img fetchpriority=\"high\" decoding=\"async\" width=\"702\" height=\"314\" src=\"https:\/\/edihcassovium.sk\/wp-content\/uploads\/2023\/09\/financovany-eu.png\" class=\"attachment-medium_large size-medium_large wp-image-2941\" alt=\"\" srcset=\"https:\/\/edihcassovium.sk\/wp-content\/uploads\/2023\/09\/financovany-eu.png 702w, https:\/\/edihcassovium.sk\/wp-content\/uploads\/2023\/09\/financovany-eu-300x134.png 300w\" sizes=\"(max-width: 702px) 100vw, 702px\" \/>\t\t\t\t\t\t\t\t\t\t\t\t\t\t\t<\/div>\n\t\t\t\t<\/div>\n\t\t\t\t<div class=\"elementor-element elementor-element-d1dcad3 elementor-widget elementor-widget-image\" data-id=\"d1dcad3\" data-element_type=\"widget\" data-widget_type=\"image.default\">\n\t\t\t\t<div class=\"elementor-widget-container\">\n\t\t\t\t\t\t\t\t\t\t\t\t\t\t\t<img decoding=\"async\" width=\"702\" height=\"314\" src=\"https:\/\/edihcassovium.sk\/wp-content\/uploads\/2023\/08\/plan-obnovy.png\" class=\"attachment-medium_large size-medium_large wp-image-2890\" alt=\"\" srcset=\"https:\/\/edihcassovium.sk\/wp-content\/uploads\/2023\/08\/plan-obnovy.png 702w, https:\/\/edihcassovium.sk\/wp-content\/uploads\/2023\/08\/plan-obnovy-300x134.png 300w\" sizes=\"(max-width: 702px) 100vw, 702px\" \/>\t\t\t\t\t\t\t\t\t\t\t\t\t\t\t<\/div>\n\t\t\t\t<\/div>\n\t\t\t\t<div class=\"elementor-element elementor-element-41f1ccf elementor-widget elementor-widget-image\" data-id=\"41f1ccf\" data-element_type=\"widget\" data-widget_type=\"image.default\">\n\t\t\t\t<div class=\"elementor-widget-container\">\n\t\t\t\t\t\t\t\t\t\t\t\t\t\t\t<img decoding=\"async\" width=\"703\" height=\"314\" src=\"https:\/\/edihcassovium.sk\/wp-content\/uploads\/2023\/08\/feu-next-generation-logo.png\" class=\"attachment-medium_large size-medium_large wp-image-2888\" alt=\"\" srcset=\"https:\/\/edihcassovium.sk\/wp-content\/uploads\/2023\/08\/feu-next-generation-logo.png 703w, https:\/\/edihcassovium.sk\/wp-content\/uploads\/2023\/08\/feu-next-generation-logo-300x134.png 300w\" sizes=\"(max-width: 703px) 100vw, 703px\" \/>\t\t\t\t\t\t\t\t\t\t\t\t\t\t\t<\/div>\n\t\t\t\t<\/div>\n\t\t\t\t\t<\/div>\n\t\t\t\t<\/div>\n\t\t\t\t<\/div>\n\t\t","protected":false},"excerpt":{"rendered":"<p>Entities that participated in the European Commission&#8217;s call from November 2021 to February 2022 could become European Digital Innovation Hubs. The Commission allocated \u20ac6.2 million from the centrally managed Digital [&hellip;]<\/p>\n","protected":false},"author":1,"featured_media":0,"parent":0,"menu_order":0,"comment_status":"closed","ping_status":"closed","template":"elementor_header_footer","meta":{"footnotes":""},"class_list":["post-3224","page","type-page","status-publish","hentry"],"yoast_head":"<!-- This site is optimized with the Yoast SEO plugin v26.8 - https:\/\/yoast.com\/product\/yoast-seo-wordpress\/ -->\n<title>EDIH funding - Cassovium<\/title>\n<meta name=\"robots\" content=\"index, follow, max-snippet:-1, max-image-preview:large, max-video-preview:-1\" \/>\n<link rel=\"canonical\" href=\"https:\/\/edihcassovium.sk\/en\/edih-funding\/\" \/>\n<meta property=\"og:locale\" content=\"en_US\" \/>\n<meta property=\"og:type\" content=\"article\" \/>\n<meta property=\"og:title\" content=\"EDIH funding - Cassovium\" \/>\n<meta property=\"og:description\" content=\"Entities that participated in the European Commission&#8217;s call from November 2021 to February 2022 could become European Digital Innovation Hubs. The Commission allocated \u20ac6.2 million from the centrally managed Digital [&hellip;]\" \/>\n<meta property=\"og:url\" content=\"https:\/\/edihcassovium.sk\/en\/edih-funding\/\" \/>\n<meta property=\"og:site_name\" content=\"Cassovium\" \/>\n<meta property=\"article:publisher\" content=\"https:\/\/www.facebook.com\/EDIHCASSOVIUM\" \/>\n<meta property=\"article:modified_time\" content=\"2025-05-22T09:57:55+00:00\" \/>\n<meta property=\"og:image\" content=\"https:\/\/edihcassovium.sk\/wp-content\/uploads\/2023\/09\/financovany-eu.png\" \/>\n\t<meta property=\"og:image:width\" content=\"702\" \/>\n\t<meta property=\"og:image:height\" content=\"314\" \/>\n\t<meta property=\"og:image:type\" content=\"image\/png\" \/>\n<meta name=\"twitter:card\" content=\"summary_large_image\" \/>\n<meta name=\"twitter:label1\" content=\"Est. reading time\" \/>\n\t<meta name=\"twitter:data1\" content=\"2 minutes\" \/>\n<script type=\"application\/ld+json\" class=\"yoast-schema-graph\">{\"@context\":\"https:\/\/schema.org\",\"@graph\":[{\"@type\":\"WebPage\",\"@id\":\"https:\/\/edihcassovium.sk\/en\/edih-funding\/\",\"url\":\"https:\/\/edihcassovium.sk\/en\/edih-funding\/\",\"name\":\"EDIH funding - Cassovium\",\"isPartOf\":{\"@id\":\"https:\/\/edihcassovium.sk\/en\/#website\"},\"primaryImageOfPage\":{\"@id\":\"https:\/\/edihcassovium.sk\/en\/edih-funding\/#primaryimage\"},\"image\":{\"@id\":\"https:\/\/edihcassovium.sk\/en\/edih-funding\/#primaryimage\"},\"thumbnailUrl\":\"https:\/\/edihcassovium.sk\/wp-content\/uploads\/2023\/09\/financovany-eu.png\",\"datePublished\":\"2023-08-09T09:45:46+00:00\",\"dateModified\":\"2025-05-22T09:57:55+00:00\",\"breadcrumb\":{\"@id\":\"https:\/\/edihcassovium.sk\/en\/edih-funding\/#breadcrumb\"},\"inLanguage\":\"en-US\",\"potentialAction\":[{\"@type\":\"ReadAction\",\"target\":[\"https:\/\/edihcassovium.sk\/en\/edih-funding\/\"]}]},{\"@type\":\"ImageObject\",\"inLanguage\":\"en-US\",\"@id\":\"https:\/\/edihcassovium.sk\/en\/edih-funding\/#primaryimage\",\"url\":\"https:\/\/edihcassovium.sk\/wp-content\/uploads\/2023\/09\/financovany-eu.png\",\"contentUrl\":\"https:\/\/edihcassovium.sk\/wp-content\/uploads\/2023\/09\/financovany-eu.png\"},{\"@type\":\"BreadcrumbList\",\"@id\":\"https:\/\/edihcassovium.sk\/en\/edih-funding\/#breadcrumb\",\"itemListElement\":[{\"@type\":\"ListItem\",\"position\":1,\"name\":\"Domovsk\u00e1 str\u00e1nka\",\"item\":\"https:\/\/edihcassovium.sk\/en\/\"},{\"@type\":\"ListItem\",\"position\":2,\"name\":\"EDIH funding\"}]},{\"@type\":\"WebSite\",\"@id\":\"https:\/\/edihcassovium.sk\/en\/#website\",\"url\":\"https:\/\/edihcassovium.sk\/en\/\",\"name\":\"Cassovium\",\"description\":\"Region\u00e1lny EDIH pre v\u00fdchodn\u00e9 Slovensko\",\"publisher\":{\"@id\":\"https:\/\/edihcassovium.sk\/en\/#organization\"},\"potentialAction\":[{\"@type\":\"SearchAction\",\"target\":{\"@type\":\"EntryPoint\",\"urlTemplate\":\"https:\/\/edihcassovium.sk\/en\/?s={search_term_string}\"},\"query-input\":{\"@type\":\"PropertyValueSpecification\",\"valueRequired\":true,\"valueName\":\"search_term_string\"}}],\"inLanguage\":\"en-US\"},{\"@type\":\"Organization\",\"@id\":\"https:\/\/edihcassovium.sk\/en\/#organization\",\"name\":\"EDIH Cassovium\",\"url\":\"https:\/\/edihcassovium.sk\/en\/\",\"logo\":{\"@type\":\"ImageObject\",\"inLanguage\":\"en-US\",\"@id\":\"https:\/\/edihcassovium.sk\/en\/#\/schema\/logo\/image\/\",\"url\":\"https:\/\/edihcassovium.sk\/wp-content\/uploads\/2023\/06\/cassovium-logo.svg\",\"contentUrl\":\"https:\/\/edihcassovium.sk\/wp-content\/uploads\/2023\/06\/cassovium-logo.svg\",\"width\":603,\"height\":215,\"caption\":\"EDIH Cassovium\"},\"image\":{\"@id\":\"https:\/\/edihcassovium.sk\/en\/#\/schema\/logo\/image\/\"},\"sameAs\":[\"https:\/\/www.facebook.com\/EDIHCASSOVIUM\",\"https:\/\/www.instagram.com\/edihcassovium\/\",\"https:\/\/www.linkedin.com\/company\/edih-cassovium\/\"]}]}<\/script>\n<!-- \/ Yoast SEO plugin. -->","yoast_head_json":{"title":"EDIH funding - Cassovium","robots":{"index":"index","follow":"follow","max-snippet":"max-snippet:-1","max-image-preview":"max-image-preview:large","max-video-preview":"max-video-preview:-1"},"canonical":"https:\/\/edihcassovium.sk\/en\/edih-funding\/","og_locale":"en_US","og_type":"article","og_title":"EDIH funding - Cassovium","og_description":"Entities that participated in the European Commission&#8217;s call from November 2021 to February 2022 could become European Digital Innovation Hubs. The Commission allocated \u20ac6.2 million from the centrally managed Digital [&hellip;]","og_url":"https:\/\/edihcassovium.sk\/en\/edih-funding\/","og_site_name":"Cassovium","article_publisher":"https:\/\/www.facebook.com\/EDIHCASSOVIUM","article_modified_time":"2025-05-22T09:57:55+00:00","og_image":[{"width":702,"height":314,"url":"https:\/\/edihcassovium.sk\/wp-content\/uploads\/2023\/09\/financovany-eu.png","type":"image\/png"}],"twitter_card":"summary_large_image","twitter_misc":{"Est. reading time":"2 minutes"},"schema":{"@context":"https:\/\/schema.org","@graph":[{"@type":"WebPage","@id":"https:\/\/edihcassovium.sk\/en\/edih-funding\/","url":"https:\/\/edihcassovium.sk\/en\/edih-funding\/","name":"EDIH funding - Cassovium","isPartOf":{"@id":"https:\/\/edihcassovium.sk\/en\/#website"},"primaryImageOfPage":{"@id":"https:\/\/edihcassovium.sk\/en\/edih-funding\/#primaryimage"},"image":{"@id":"https:\/\/edihcassovium.sk\/en\/edih-funding\/#primaryimage"},"thumbnailUrl":"https:\/\/edihcassovium.sk\/wp-content\/uploads\/2023\/09\/financovany-eu.png","datePublished":"2023-08-09T09:45:46+00:00","dateModified":"2025-05-22T09:57:55+00:00","breadcrumb":{"@id":"https:\/\/edihcassovium.sk\/en\/edih-funding\/#breadcrumb"},"inLanguage":"en-US","potentialAction":[{"@type":"ReadAction","target":["https:\/\/edihcassovium.sk\/en\/edih-funding\/"]}]},{"@type":"ImageObject","inLanguage":"en-US","@id":"https:\/\/edihcassovium.sk\/en\/edih-funding\/#primaryimage","url":"https:\/\/edihcassovium.sk\/wp-content\/uploads\/2023\/09\/financovany-eu.png","contentUrl":"https:\/\/edihcassovium.sk\/wp-content\/uploads\/2023\/09\/financovany-eu.png"},{"@type":"BreadcrumbList","@id":"https:\/\/edihcassovium.sk\/en\/edih-funding\/#breadcrumb","itemListElement":[{"@type":"ListItem","position":1,"name":"Domovsk\u00e1 str\u00e1nka","item":"https:\/\/edihcassovium.sk\/en\/"},{"@type":"ListItem","position":2,"name":"EDIH funding"}]},{"@type":"WebSite","@id":"https:\/\/edihcassovium.sk\/en\/#website","url":"https:\/\/edihcassovium.sk\/en\/","name":"Cassovium","description":"Region\u00e1lny EDIH pre v\u00fdchodn\u00e9 Slovensko","publisher":{"@id":"https:\/\/edihcassovium.sk\/en\/#organization"},"potentialAction":[{"@type":"SearchAction","target":{"@type":"EntryPoint","urlTemplate":"https:\/\/edihcassovium.sk\/en\/?s={search_term_string}"},"query-input":{"@type":"PropertyValueSpecification","valueRequired":true,"valueName":"search_term_string"}}],"inLanguage":"en-US"},{"@type":"Organization","@id":"https:\/\/edihcassovium.sk\/en\/#organization","name":"EDIH Cassovium","url":"https:\/\/edihcassovium.sk\/en\/","logo":{"@type":"ImageObject","inLanguage":"en-US","@id":"https:\/\/edihcassovium.sk\/en\/#\/schema\/logo\/image\/","url":"https:\/\/edihcassovium.sk\/wp-content\/uploads\/2023\/06\/cassovium-logo.svg","contentUrl":"https:\/\/edihcassovium.sk\/wp-content\/uploads\/2023\/06\/cassovium-logo.svg","width":603,"height":215,"caption":"EDIH Cassovium"},"image":{"@id":"https:\/\/edihcassovium.sk\/en\/#\/schema\/logo\/image\/"},"sameAs":["https:\/\/www.facebook.com\/EDIHCASSOVIUM","https:\/\/www.instagram.com\/edihcassovium\/","https:\/\/www.linkedin.com\/company\/edih-cassovium\/"]}]}},"_links":{"self":[{"href":"https:\/\/edihcassovium.sk\/en\/wp-json\/wp\/v2\/pages\/3224","targetHints":{"allow":["GET"]}}],"collection":[{"href":"https:\/\/edihcassovium.sk\/en\/wp-json\/wp\/v2\/pages"}],"about":[{"href":"https:\/\/edihcassovium.sk\/en\/wp-json\/wp\/v2\/types\/page"}],"author":[{"embeddable":true,"href":"https:\/\/edihcassovium.sk\/en\/wp-json\/wp\/v2\/users\/1"}],"replies":[{"embeddable":true,"href":"https:\/\/edihcassovium.sk\/en\/wp-json\/wp\/v2\/comments?post=3224"}],"version-history":[{"count":5,"href":"https:\/\/edihcassovium.sk\/en\/wp-json\/wp\/v2\/pages\/3224\/revisions"}],"predecessor-version":[{"id":3230,"href":"https:\/\/edihcassovium.sk\/en\/wp-json\/wp\/v2\/pages\/3224\/revisions\/3230"}],"wp:attachment":[{"href":"https:\/\/edihcassovium.sk\/en\/wp-json\/wp\/v2\/media?parent=3224"}],"curies":[{"name":"wp","href":"https:\/\/api.w.org\/{rel}","templated":true}]}}