{"id":3252,"date":"2025-05-20T21:07:42","date_gmt":"2025-05-20T19:07:42","guid":{"rendered":"https:\/\/edihcassovium.sk\/o-projekte\/"},"modified":"2026-03-12T10:47:32","modified_gmt":"2026-03-12T09:47:32","slug":"about-project","status":"publish","type":"page","link":"https:\/\/edihcassovium.sk\/en\/about-project\/","title":{"rendered":"About project"},"content":{"rendered":"<h2>EDIH CASSSOVIUM<\/h2>\n<p>EDIH CASSOVIUM is part of the European network of Digital Innovation Hubs (EDIH \u2013 European Digital Innovation Hubs), created and supported by the European Commission in an effort to achieve strong and sustainable competitiveness of the European Union compared to other countries.<\/p>\n<p><strong>EDIH CASSOVIUM supports small and medium-sized enterprises and public sector organizations on their path to digital transformation. The support provided by our consortium includes expert consulting, training, access to innovative technologies, and assistance in securing funding for innovation.<\/strong> We offer businesses and organizations a unique opportunity to transform their operations.<\/p>\n<h3>Consortium composition<\/h3>\n<p><strong>The EDIH CASSOVIUM consortium<\/strong> is built on the strong expertise of three leading research and innovation institutions in the region and a highly recognized ICT cluster. Consortium members:<\/p>\n<p><strong>Technical University of Ko\u0161ice<\/strong> (coordinator)<br \/>\n<strong>Pavol Jozef \u0160af\u00e1rik University in Ko\u0161ice<\/strong><br \/>\n<strong>Ko\u0161ice IT Valley<\/strong><\/p>\n<p>Our experienced experts will provide you with individual consultations to understand your needs and goals. Through detailed mapping and assessment of your current digital maturity, you enable us to better tailor our solutions and recommendations.<\/p>\n<h3>Services EDIH CASSOVIUM<\/h3>\n<p>For our clients, we have created a service portfolio that supports them in the digitalization of processes, products, and services. The services from our catalogue can be tailored to specific needs through direct communication with the client.<\/p>\n<p><strong>EDIH CASSOVIUM offers 4 types of services:<\/strong><\/p>\n<p><b>Testing innovative technologies, digitalization, and automation (Test before invest)<br \/>\n<\/b>We provide individual consultations, mapping and assessment of the customer&#8217;s digital maturity, as well as technological and methodological tools for testing and validating development solutions.<\/p>\n<p><strong>Training and skills development<\/strong><br \/>\nWe offer educational activities in advanced digital skills, technologies for employees and customers, and training in new skills in relevant areas of information technology.<\/p>\n<p><strong>Support in finding investment<\/strong><br \/>\nWe help clients identify suitable financial instruments and provide access to financial institutions and investors.<\/p>\n<p><strong>Networking<\/strong><br \/>\nWe help connect clients with representatives from the academic and technology sectors and increase their visibility through marketing and promotional events.<\/p>\n<h3>About project<\/h3>\n<p>European Digital Innovation Hubs (EDIH) are a network of centers focused on accelerating the digital transformation of European businesses and public administration.<\/p>\n<p><strong>Project name:<\/strong> EDIH CASSOVIUM <a href=\"https:\/\/edihcassovium.sk\/en\/\">www.edihcassovium.en<\/a><\/p>\n<p><strong>Project duration:<\/strong> 01\/11\/2022 \u2013 30\/04\/2026<\/p>\n<p><strong>Target group:<\/strong> Small and medium-sized enterprises and public sector institutions<\/p>\n<p><strong>Funding:<\/strong> The project is funded by the European Union under NextGenerationEU (Digital Europe Programme \/ DIGITAL-2021-EDIH-01) and from the Recovery and Resilience Plan (call no. 17I03-04-V01-00004).<\/p>\n<p><strong>Information about the Recovery and Resilience Plan of the Slovak Republic is available at<\/strong> <a href=\"https:\/\/www.planobnovy.sk\/\">www.planobnovy.sk<\/a><\/p>\n<p>Information about European Innovation Hubs in the Slovak Republic can be found at edihslovensko.sk<\/p>\n<p>Project information is available at <a href=\"https:\/\/edihcassovium.sk\/en\/\">www.edihcassovium.en<\/a><\/p>\n<style>.elementor-2768 .elementor-element.elementor-element-b33b7a8{--display:flex;--flex-direction:column;--container-widget-width:100%;--container-widget-height:initial;--container-widget-flex-grow:0;--container-widget-align-self:initial;--flex-wrap-mobile:wrap;}.elementor-2768 .elementor-element.elementor-element-0e0633f{--display:flex;--flex-direction:row;--container-widget-width:initial;--container-widget-height:100%;--container-widget-flex-grow:1;--container-widget-align-self:stretch;--flex-wrap-mobile:wrap;--border-radius:20px 20px 20px 20px;--padding-top:20px;--padding-bottom:20px;--padding-left:30px;--padding-right:30px;}.elementor-2768 .elementor-element.elementor-element-0e0633f:not(.elementor-motion-effects-element-type-background), .elementor-2768 .elementor-element.elementor-element-0e0633f > .elementor-motion-effects-container > .elementor-motion-effects-layer{background-color:#F0F0F0;}.elementor-2768 .elementor-element.elementor-element-de1d5e4{--display:flex;--justify-content:center;--margin-top:0px;--margin-bottom:-20px;--margin-left:0px;--margin-right:0px;}.elementor-widget-heading .elementor-heading-title{font-family:var( --e-global-typography-primary-font-family ), Sans-serif;font-weight:var( --e-global-typography-primary-font-weight );text-transform:var( --e-global-typography-primary-text-transform );color:var( --e-global-color-primary );}.elementor-2768 .elementor-element.elementor-element-13fc383 .elementor-heading-title{font-family:\"Barlow\", Sans-serif;font-size:25px;font-weight:600;text-transform:uppercase;}.elementor-2768 .elementor-element.elementor-element-bafd1e5 .jet-listing-dynamic-field__content{font-size:16px;font-weight:400;text-align:left;}.elementor-2768 .elementor-element.elementor-element-bafd1e5 .jet-listing-dynamic-field .jet-listing-dynamic-field__inline-wrap{width:auto;}.elementor-2768 .elementor-element.elementor-element-bafd1e5 .jet-listing-dynamic-field .jet-listing-dynamic-field__content{width:auto;}.elementor-2768 .elementor-element.elementor-element-bafd1e5 .jet-listing-dynamic-field{justify-content:flex-start;}.elementor-2768 .elementor-element.elementor-element-e368d29{--display:flex;--justify-content:center;}.elementor-widget-jet-download-button  .jet-download__label{font-family:var( --e-global-typography-accent-font-family ), Sans-serif;font-weight:var( --e-global-typography-accent-font-weight );}.elementor-widget-jet-download-button  .jet-download__sub-label{font-family:var( --e-global-typography-accent-font-family ), Sans-serif;font-weight:var( --e-global-typography-accent-font-weight );}.elementor-widget-jet-download-button  .jet-download__file-name{font-family:var( --e-global-typography-accent-font-family ), Sans-serif;font-weight:var( --e-global-typography-accent-font-weight );}.elementor-widget-jet-download-button .jet-download:hover .jet-download__label{font-family:var( --e-global-typography-accent-font-family ), Sans-serif;font-weight:var( --e-global-typography-accent-font-weight );}.elementor-widget-jet-download-button .jet-download:hover .jet-download__sub-label{font-family:var( --e-global-typography-accent-font-family ), Sans-serif;font-weight:var( --e-global-typography-accent-font-weight );}.elementor-2768 .elementor-element.elementor-element-c3f2066 .jet-download, .elementor-2768 .elementor-element.elementor-element-c3f2066 .jet-download__text{text-align:left;}.elementor-2768 .elementor-element.elementor-element-c3f2066 .jet-download{background-color:var( --e-global-color-5891d99 );}.elementor-2768 .elementor-element.elementor-element-c3f2066 .jet-download__label{color:var( --e-global-color-3ec9996 );}.elementor-2768 .elementor-element.elementor-element-c3f2066  .jet-download__label{font-family:\"Barlow\", Sans-serif;font-weight:700;}@media(min-width:768px){.elementor-2768 .elementor-element.elementor-element-de1d5e4{--width:70%;}.elementor-2768 .elementor-element.elementor-element-e368d29{--width:30%;}}<\/style>\n<p><a href=\"https:\/\/edihcassovium.sk\/?jet_download=92af6e59bdb77d5f893279a468ec4380cfaca404\" data-e-disable-page-transition=\"true\">Stiahnu\u0165 s\u00fabor<small>%size%<\/small><\/a><\/p>\n","protected":false},"excerpt":{"rendered":"<p>EDIH CASSSOVIUM EDIH CASSOVIUM is part of the European network of Digital Innovation Hubs (EDIH \u2013 European Digital Innovation Hubs), created and supported by the European Commission in an effort [&hellip;]<\/p>\n","protected":false},"author":1,"featured_media":0,"parent":0,"menu_order":0,"comment_status":"closed","ping_status":"closed","template":"elementor_theme","meta":{"footnotes":""},"class_list":["post-3252","page","type-page","status-publish","hentry"],"yoast_head":"<!-- This site is optimized with the Yoast SEO plugin v26.8 - https:\/\/yoast.com\/product\/yoast-seo-wordpress\/ -->\n<title>About project - Cassovium<\/title>\n<meta name=\"robots\" content=\"index, follow, max-snippet:-1, max-image-preview:large, max-video-preview:-1\" \/>\n<link rel=\"canonical\" href=\"https:\/\/edihcassovium.sk\/en\/about-project\/\" \/>\n<meta property=\"og:locale\" content=\"en_US\" \/>\n<meta property=\"og:type\" content=\"article\" \/>\n<meta property=\"og:title\" content=\"About project - Cassovium\" \/>\n<meta property=\"og:description\" content=\"EDIH CASSSOVIUM EDIH CASSOVIUM is part of the European network of Digital Innovation Hubs (EDIH \u2013 European Digital Innovation Hubs), created and supported by the European Commission in an effort [&hellip;]\" \/>\n<meta property=\"og:url\" content=\"https:\/\/edihcassovium.sk\/en\/about-project\/\" \/>\n<meta property=\"og:site_name\" content=\"Cassovium\" \/>\n<meta property=\"article:publisher\" content=\"https:\/\/www.facebook.com\/EDIHCASSOVIUM\" \/>\n<meta property=\"article:modified_time\" content=\"2026-03-12T09:47:32+00:00\" \/>\n<meta name=\"twitter:card\" content=\"summary_large_image\" \/>\n<meta name=\"twitter:label1\" content=\"Est. reading time\" \/>\n\t<meta name=\"twitter:data1\" content=\"3 minutes\" \/>\n<script type=\"application\/ld+json\" class=\"yoast-schema-graph\">{\"@context\":\"https:\/\/schema.org\",\"@graph\":[{\"@type\":\"WebPage\",\"@id\":\"https:\/\/edihcassovium.sk\/en\/about-project\/\",\"url\":\"https:\/\/edihcassovium.sk\/en\/about-project\/\",\"name\":\"About project - Cassovium\",\"isPartOf\":{\"@id\":\"https:\/\/edihcassovium.sk\/en\/#website\"},\"datePublished\":\"2025-05-20T19:07:42+00:00\",\"dateModified\":\"2026-03-12T09:47:32+00:00\",\"breadcrumb\":{\"@id\":\"https:\/\/edihcassovium.sk\/en\/about-project\/#breadcrumb\"},\"inLanguage\":\"en-US\",\"potentialAction\":[{\"@type\":\"ReadAction\",\"target\":[\"https:\/\/edihcassovium.sk\/en\/about-project\/\"]}]},{\"@type\":\"BreadcrumbList\",\"@id\":\"https:\/\/edihcassovium.sk\/en\/about-project\/#breadcrumb\",\"itemListElement\":[{\"@type\":\"ListItem\",\"position\":1,\"name\":\"Domovsk\u00e1 str\u00e1nka\",\"item\":\"https:\/\/edihcassovium.sk\/en\/\"},{\"@type\":\"ListItem\",\"position\":2,\"name\":\"About project\"}]},{\"@type\":\"WebSite\",\"@id\":\"https:\/\/edihcassovium.sk\/en\/#website\",\"url\":\"https:\/\/edihcassovium.sk\/en\/\",\"name\":\"Cassovium\",\"description\":\"Region\u00e1lny EDIH pre v\u00fdchodn\u00e9 Slovensko\",\"publisher\":{\"@id\":\"https:\/\/edihcassovium.sk\/en\/#organization\"},\"potentialAction\":[{\"@type\":\"SearchAction\",\"target\":{\"@type\":\"EntryPoint\",\"urlTemplate\":\"https:\/\/edihcassovium.sk\/en\/?s={search_term_string}\"},\"query-input\":{\"@type\":\"PropertyValueSpecification\",\"valueRequired\":true,\"valueName\":\"search_term_string\"}}],\"inLanguage\":\"en-US\"},{\"@type\":\"Organization\",\"@id\":\"https:\/\/edihcassovium.sk\/en\/#organization\",\"name\":\"EDIH Cassovium\",\"url\":\"https:\/\/edihcassovium.sk\/en\/\",\"logo\":{\"@type\":\"ImageObject\",\"inLanguage\":\"en-US\",\"@id\":\"https:\/\/edihcassovium.sk\/en\/#\/schema\/logo\/image\/\",\"url\":\"https:\/\/edihcassovium.sk\/wp-content\/uploads\/2023\/06\/cassovium-logo.svg\",\"contentUrl\":\"https:\/\/edihcassovium.sk\/wp-content\/uploads\/2023\/06\/cassovium-logo.svg\",\"width\":603,\"height\":215,\"caption\":\"EDIH Cassovium\"},\"image\":{\"@id\":\"https:\/\/edihcassovium.sk\/en\/#\/schema\/logo\/image\/\"},\"sameAs\":[\"https:\/\/www.facebook.com\/EDIHCASSOVIUM\",\"https:\/\/www.instagram.com\/edihcassovium\/\",\"https:\/\/www.linkedin.com\/company\/edih-cassovium\/\"]}]}<\/script>\n<!-- \/ Yoast SEO plugin. -->","yoast_head_json":{"title":"About project - Cassovium","robots":{"index":"index","follow":"follow","max-snippet":"max-snippet:-1","max-image-preview":"max-image-preview:large","max-video-preview":"max-video-preview:-1"},"canonical":"https:\/\/edihcassovium.sk\/en\/about-project\/","og_locale":"en_US","og_type":"article","og_title":"About project - Cassovium","og_description":"EDIH CASSSOVIUM EDIH CASSOVIUM is part of the European network of Digital Innovation Hubs (EDIH \u2013 European Digital Innovation Hubs), created and supported by the European Commission in an effort [&hellip;]","og_url":"https:\/\/edihcassovium.sk\/en\/about-project\/","og_site_name":"Cassovium","article_publisher":"https:\/\/www.facebook.com\/EDIHCASSOVIUM","article_modified_time":"2026-03-12T09:47:32+00:00","twitter_card":"summary_large_image","twitter_misc":{"Est. reading time":"3 minutes"},"schema":{"@context":"https:\/\/schema.org","@graph":[{"@type":"WebPage","@id":"https:\/\/edihcassovium.sk\/en\/about-project\/","url":"https:\/\/edihcassovium.sk\/en\/about-project\/","name":"About project - Cassovium","isPartOf":{"@id":"https:\/\/edihcassovium.sk\/en\/#website"},"datePublished":"2025-05-20T19:07:42+00:00","dateModified":"2026-03-12T09:47:32+00:00","breadcrumb":{"@id":"https:\/\/edihcassovium.sk\/en\/about-project\/#breadcrumb"},"inLanguage":"en-US","potentialAction":[{"@type":"ReadAction","target":["https:\/\/edihcassovium.sk\/en\/about-project\/"]}]},{"@type":"BreadcrumbList","@id":"https:\/\/edihcassovium.sk\/en\/about-project\/#breadcrumb","itemListElement":[{"@type":"ListItem","position":1,"name":"Domovsk\u00e1 str\u00e1nka","item":"https:\/\/edihcassovium.sk\/en\/"},{"@type":"ListItem","position":2,"name":"About project"}]},{"@type":"WebSite","@id":"https:\/\/edihcassovium.sk\/en\/#website","url":"https:\/\/edihcassovium.sk\/en\/","name":"Cassovium","description":"Region\u00e1lny EDIH pre v\u00fdchodn\u00e9 Slovensko","publisher":{"@id":"https:\/\/edihcassovium.sk\/en\/#organization"},"potentialAction":[{"@type":"SearchAction","target":{"@type":"EntryPoint","urlTemplate":"https:\/\/edihcassovium.sk\/en\/?s={search_term_string}"},"query-input":{"@type":"PropertyValueSpecification","valueRequired":true,"valueName":"search_term_string"}}],"inLanguage":"en-US"},{"@type":"Organization","@id":"https:\/\/edihcassovium.sk\/en\/#organization","name":"EDIH Cassovium","url":"https:\/\/edihcassovium.sk\/en\/","logo":{"@type":"ImageObject","inLanguage":"en-US","@id":"https:\/\/edihcassovium.sk\/en\/#\/schema\/logo\/image\/","url":"https:\/\/edihcassovium.sk\/wp-content\/uploads\/2023\/06\/cassovium-logo.svg","contentUrl":"https:\/\/edihcassovium.sk\/wp-content\/uploads\/2023\/06\/cassovium-logo.svg","width":603,"height":215,"caption":"EDIH Cassovium"},"image":{"@id":"https:\/\/edihcassovium.sk\/en\/#\/schema\/logo\/image\/"},"sameAs":["https:\/\/www.facebook.com\/EDIHCASSOVIUM","https:\/\/www.instagram.com\/edihcassovium\/","https:\/\/www.linkedin.com\/company\/edih-cassovium\/"]}]}},"_links":{"self":[{"href":"https:\/\/edihcassovium.sk\/en\/wp-json\/wp\/v2\/pages\/3252","targetHints":{"allow":["GET"]}}],"collection":[{"href":"https:\/\/edihcassovium.sk\/en\/wp-json\/wp\/v2\/pages"}],"about":[{"href":"https:\/\/edihcassovium.sk\/en\/wp-json\/wp\/v2\/types\/page"}],"author":[{"embeddable":true,"href":"https:\/\/edihcassovium.sk\/en\/wp-json\/wp\/v2\/users\/1"}],"replies":[{"embeddable":true,"href":"https:\/\/edihcassovium.sk\/en\/wp-json\/wp\/v2\/comments?post=3252"}],"version-history":[{"count":21,"href":"https:\/\/edihcassovium.sk\/en\/wp-json\/wp\/v2\/pages\/3252\/revisions"}],"predecessor-version":[{"id":5038,"href":"https:\/\/edihcassovium.sk\/en\/wp-json\/wp\/v2\/pages\/3252\/revisions\/5038"}],"wp:attachment":[{"href":"https:\/\/edihcassovium.sk\/en\/wp-json\/wp\/v2\/media?parent=3252"}],"curies":[{"name":"wp","href":"https:\/\/api.w.org\/{rel}","templated":true}]}}