{"id":3288,"date":"2023-06-27T08:17:14","date_gmt":"2023-06-27T06:17:14","guid":{"rendered":"https:\/\/edihcassovium.sk\/ochrana-osobnych-udajov\/"},"modified":"2025-05-27T11:43:17","modified_gmt":"2025-05-27T09:43:17","slug":"privacy-policy","status":"publish","type":"page","link":"https:\/\/edihcassovium.sk\/en\/privacy-policy\/","title":{"rendered":"Privacy Policy"},"content":{"rendered":"\t\t<div data-elementor-type=\"wp-page\" data-elementor-id=\"3288\" class=\"elementor elementor-3288 elementor-535\" data-elementor-settings=\"{&quot;ha_cmc_init_switcher&quot;:&quot;no&quot;}\" data-elementor-post-type=\"page\">\n\t\t\t\t<div class=\"elementor-element elementor-element-84bcd76 e-flex e-con-boxed e-con e-parent\" data-id=\"84bcd76\" data-element_type=\"container\" data-settings=\"{&quot;jet_parallax_layout_list&quot;:[],&quot;_ha_eqh_enable&quot;:false}\">\n\t\t\t\t\t<div class=\"e-con-inner\">\n\t\t\t\t<div class=\"elementor-element elementor-element-930ede2 elementor-widget elementor-widget-text-editor\" data-id=\"930ede2\" data-element_type=\"widget\" data-widget_type=\"text-editor.default\">\n\t\t\t\t<div class=\"elementor-widget-container\">\n\t\t\t\t\t\t\t\t\t<h3><strong>Rules and conditions for personal data processing \u2013 GDPR<\/strong><\/h3><h4><br \/><strong>Legal framework<\/strong><\/h4><p><br \/>The processing of personal data is governed by Regulation (EU) 2016\/679 of the European Parliament and of the Council on the protection of natural persons with regard to the processing of personal data and on the free movement of such data (hereinafter referred to as the \u201cGDPR\u201d) and, in the context of the Slovak Republic, by Act No. 18\/2018 Coll. on the Protection of Personal Data and on Amendments and Supplements to Certain Acts (hereinafter referred to as the \u201cPersonal Data Protection Act\u201d). The supervisory authority for personal data processing is the Office for Personal Data Protection, located at Hrani\u010dn\u00e1 12, 820 07 Bratislava 27, Slovak Republic, Company ID: 36 064 220.<\/p><p>The GDPR has been applicable since 25 May 2018, and all personal data are processed in accordance with the GDPR and the Personal Data Protection Act.<\/p><h4>\u00a0<\/h4><h4><strong>Controller<\/strong><\/h4><p>The controller of personal data pursuant to \u00a7 5 letter o) of the Personal Data Protection Act is the Technical University of Ko\u0161ice, with its registered office at Letn\u00e1 1\/9, 042 00 Ko\u0161ice, Slovak Republic, Company ID: 00 397 610, which processes personal data in accordance with the applicable legal regulations. Any withdrawal of consent to the processing of personal data may be sent to: [info@edihcassovium.sk](mailto:info@edihcassovium.sk).<\/p><p>Reasons and purpose of personal data processing<br \/>The Personal Data Protection Act allows for the processing of personal data based on the data subject\u2019s consent, or even without consent (on legal grounds).<\/p><p>The main purpose of processing your personal data is commercial communication between the EDIH CASSOVIUM consortium and you as our client, with the aim of providing you with our services at the highest quality. This purpose is primarily fulfilled through electronic communication in the form of a contact form. Processing of the personal data you provide is an essential part of our operations. Without the provision and processing of personal data, we would not be able to offer our services to clients and other data subjects in the required scope and quality. To fulfill all legal obligations, it is also necessary to process personal data not only for the proper fulfillment of services or delivery of goods to you as our client but also for accounting, handling complaints, or record-keeping for state authorities.<\/p><p>We also process your personal data for the purpose of informing you about our products and services within direct marketing.<\/p><h4><strong>Personal data processing procedure<\/strong><\/h4><p><br \/>Providing your personal data is voluntary, especially by filling out the contact form on our website, as well as through registration or subscription to marketing emails or newsletters.<\/p><h4><strong>We process your data to the following extent:<\/strong><\/h4><p><strong>* Name and surname<\/strong><br \/><strong>* Email address<\/strong><br \/><strong>* Phone number<\/strong><br \/><strong>* Address<\/strong><br \/><strong>* IP address and cookies<\/strong><\/p><h4><strong>How personal data is obtained<\/strong><\/h4><p><br \/>We most often obtain your personal data directly from you, mainly through:<\/p><p><strong>* Electronic communication<\/strong><br \/><strong>* Filling out and submitting the contact form on our website<\/strong><br \/><strong>* Registration on our website<\/strong><br \/><strong>* Participation in our consortium\u2019s activities on social media<\/strong><\/p><h4><strong>Disclosure of personal data to third parties<\/strong><\/h4><p><br \/>The personal data provided may be disclosed to and processed by third parties if necessary for fulfilling our obligations or providing our services to you. Personal data may be processed in the countries of the European Union and countries that are parties to the European Economic Area Agreement.<\/p><p>If required by law or by a decision of a relevant public authority or court, your personal data may also be provided to the following categories of recipients:<\/p><p>* Legal and law firms<br \/>* Experts and court-appointed experts<br \/>* Debt collection agencies and bailiffs<br \/>* Courts and law enforcement authorities<br \/>* Accounting firms, auditors, and tax advisors<br \/>* Other authorized state authorities<\/p><p>Your rights as a data subject<br \/>As a data subject, you have the right to request access to information under Article 15 of the GDPR regarding the processing of your personal data, particularly the purpose of the processing, the identification of the recipient, the expected period of retention of personal data, the right to lodge a complaint with a supervisory authority, and more.<\/p><p>You have the right to erasure, portability, and restriction of the processing of your personal data.<\/p><p>You have the right to be informed about the source of personal data if it was not obtained directly from you.<\/p><p><strong>Right to withdraw consent to the processing of personal data at any time<\/strong><br \/>According to Article 7 of the GDPR, you have the right to withdraw your consent at any time. The withdrawal of consent does not affect the lawfulness of processing based on consent before its withdrawal. Withdrawal of consent must be as easy as giving it. Consent withdrawal can be sent to: [info@edihcassovium.sk](mailto:info@edihcassovium.sk).<\/p><h4><strong>Right of access and rectification<\/strong><\/h4><p><br \/>Upon your request addressed to the contact person listed in these Rules and Conditions of Personal Data Processing, we will provide a copy of the personal data we process about you via email, unless you request another method.<\/p><p>You have the right to have inaccurate personal data rectified without undue delay. Considering the purposes of the processing, you also have the right to have incomplete personal data completed.<\/p><p><strong>Right to erasure (right to be forgotten)<\/strong><\/p><p><br \/>You have the right to have your personal data erased if at least one of the following applies:<\/p><p>* Your personal data is no longer necessary for the purposes for which it was collected or otherwise processed<br \/>* You have withdrawn your consent and there is no other legal ground for processing<br \/>* You object to processing carried out on the grounds of public interest or legitimate interest and no overriding legitimate grounds exist<br \/>* Your personal data was unlawfully processed<br \/>* Your personal data must be erased to comply with a legal obligation under Slovak or EU law<br \/>* Your personal data was collected in connection with the offer of information society services under \u00a7 15(1) of the Act<\/p><p>However, your right to erasure may not be granted in specific cases where data processing is necessary for:<\/p><p>* Exercising our right to freedom of expression or information<br \/>* Compliance with a legal obligation<br \/>* Establishment, exercise, or defense of legal claims<br \/>* Archiving, research, or statistical purposes, where erasure would likely make it impossible or seriously impair the achievement of the objectives of the processing<\/p><p><strong>Right to restriction of processing<\/strong><br \/>As a data subject under the GDPR, you have the right to have the controller restrict processing where one of the following applies:<\/p><p>* You contest the accuracy of personal data, for a period allowing the controller to verify it<br \/>* Processing is unlawful and you oppose erasure, requesting restriction instead<br \/>* The controller no longer needs the personal data, but you require it for legal claims<br \/>* You have objected to processing pursuant to Article 21(1) of the GDPR pending verification of whether the controller&#8217;s legitimate grounds override yours<\/p><p>If processing is restricted, the personal data may be processed, except for storage, only with your consent or for legal claims, or to protect the rights of another person, or for important public interest of the Union or a Member State. You will be informed before the restriction is lifted.<\/p><p><strong>Right to data portability<\/strong><br \/>If our processing is based on your consent or a contract, you have the right to request the transfer of personal data concerning you to another controller.<\/p><p><strong>Right to object<\/strong><br \/>If you have reasons related to your particular situation, you have the right to object to the processing of your personal data if it is based on our legitimate interest. However, if our legitimate interest outweighs your interest, we may continue processing your data despite your objection. We may also continue processing if it is necessary for legal claims.<\/p><p><strong>Retention period<\/strong><br \/>Your personal data will be retained for the period necessary to fulfill the rights and obligations arising from the contract between you and the EDIH CASSOVIUM consortium (or its members), not only during the contractual relationship but also after service provision or activity, in connection with EDIH CASSOVIUM\u2019s record-keeping and administrative duties. If no valid contract is concluded, your data will be retained only as long as necessary for record-keeping purposes.<\/p>\t\t\t\t\t\t\t\t<\/div>\n\t\t\t\t<\/div>\n\t\t\t\t\t<\/div>\n\t\t\t\t<\/div>\n\t\t\t\t<\/div>\n\t\t","protected":false},"excerpt":{"rendered":"<p>Rules and conditions for personal data processing \u2013 GDPR Legal framework The processing of personal data is governed by Regulation (EU) 2016\/679 of the European Parliament and of the Council [&hellip;]<\/p>\n","protected":false},"author":1,"featured_media":0,"parent":0,"menu_order":0,"comment_status":"closed","ping_status":"closed","template":"elementor_header_footer","meta":{"footnotes":""},"class_list":["post-3288","page","type-page","status-publish","hentry"],"yoast_head":"<!-- This site is optimized with the Yoast SEO plugin v26.8 - https:\/\/yoast.com\/product\/yoast-seo-wordpress\/ -->\n<title>Privacy Policy - Cassovium<\/title>\n<meta name=\"robots\" content=\"index, follow, max-snippet:-1, max-image-preview:large, max-video-preview:-1\" \/>\n<link rel=\"canonical\" href=\"https:\/\/edihcassovium.sk\/en\/privacy-policy\/\" \/>\n<meta property=\"og:locale\" content=\"en_US\" \/>\n<meta property=\"og:type\" content=\"article\" \/>\n<meta property=\"og:title\" content=\"Privacy Policy - Cassovium\" \/>\n<meta property=\"og:description\" content=\"Rules and conditions for personal data processing \u2013 GDPR Legal framework The processing of personal data is governed by Regulation (EU) 2016\/679 of the European Parliament and of the Council [&hellip;]\" \/>\n<meta property=\"og:url\" content=\"https:\/\/edihcassovium.sk\/en\/privacy-policy\/\" \/>\n<meta property=\"og:site_name\" content=\"Cassovium\" \/>\n<meta property=\"article:publisher\" content=\"https:\/\/www.facebook.com\/EDIHCASSOVIUM\" \/>\n<meta property=\"article:modified_time\" content=\"2025-05-27T09:43:17+00:00\" \/>\n<meta name=\"twitter:card\" content=\"summary_large_image\" \/>\n<meta name=\"twitter:label1\" content=\"Est. reading time\" \/>\n\t<meta name=\"twitter:data1\" content=\"6 minutes\" \/>\n<script type=\"application\/ld+json\" class=\"yoast-schema-graph\">{\"@context\":\"https:\/\/schema.org\",\"@graph\":[{\"@type\":\"WebPage\",\"@id\":\"https:\/\/edihcassovium.sk\/en\/privacy-policy\/\",\"url\":\"https:\/\/edihcassovium.sk\/en\/privacy-policy\/\",\"name\":\"Privacy Policy - Cassovium\",\"isPartOf\":{\"@id\":\"https:\/\/edihcassovium.sk\/en\/#website\"},\"datePublished\":\"2023-06-27T06:17:14+00:00\",\"dateModified\":\"2025-05-27T09:43:17+00:00\",\"breadcrumb\":{\"@id\":\"https:\/\/edihcassovium.sk\/en\/privacy-policy\/#breadcrumb\"},\"inLanguage\":\"en-US\",\"potentialAction\":[{\"@type\":\"ReadAction\",\"target\":[\"https:\/\/edihcassovium.sk\/en\/privacy-policy\/\"]}]},{\"@type\":\"BreadcrumbList\",\"@id\":\"https:\/\/edihcassovium.sk\/en\/privacy-policy\/#breadcrumb\",\"itemListElement\":[{\"@type\":\"ListItem\",\"position\":1,\"name\":\"Domovsk\u00e1 str\u00e1nka\",\"item\":\"https:\/\/edihcassovium.sk\/en\/\"},{\"@type\":\"ListItem\",\"position\":2,\"name\":\"Privacy Policy\"}]},{\"@type\":\"WebSite\",\"@id\":\"https:\/\/edihcassovium.sk\/en\/#website\",\"url\":\"https:\/\/edihcassovium.sk\/en\/\",\"name\":\"Cassovium\",\"description\":\"Region\u00e1lny EDIH pre v\u00fdchodn\u00e9 Slovensko\",\"publisher\":{\"@id\":\"https:\/\/edihcassovium.sk\/en\/#organization\"},\"potentialAction\":[{\"@type\":\"SearchAction\",\"target\":{\"@type\":\"EntryPoint\",\"urlTemplate\":\"https:\/\/edihcassovium.sk\/en\/?s={search_term_string}\"},\"query-input\":{\"@type\":\"PropertyValueSpecification\",\"valueRequired\":true,\"valueName\":\"search_term_string\"}}],\"inLanguage\":\"en-US\"},{\"@type\":\"Organization\",\"@id\":\"https:\/\/edihcassovium.sk\/en\/#organization\",\"name\":\"EDIH Cassovium\",\"url\":\"https:\/\/edihcassovium.sk\/en\/\",\"logo\":{\"@type\":\"ImageObject\",\"inLanguage\":\"en-US\",\"@id\":\"https:\/\/edihcassovium.sk\/en\/#\/schema\/logo\/image\/\",\"url\":\"https:\/\/edihcassovium.sk\/wp-content\/uploads\/2023\/06\/cassovium-logo.svg\",\"contentUrl\":\"https:\/\/edihcassovium.sk\/wp-content\/uploads\/2023\/06\/cassovium-logo.svg\",\"width\":603,\"height\":215,\"caption\":\"EDIH Cassovium\"},\"image\":{\"@id\":\"https:\/\/edihcassovium.sk\/en\/#\/schema\/logo\/image\/\"},\"sameAs\":[\"https:\/\/www.facebook.com\/EDIHCASSOVIUM\",\"https:\/\/www.instagram.com\/edihcassovium\/\",\"https:\/\/www.linkedin.com\/company\/edih-cassovium\/\"]}]}<\/script>\n<!-- \/ Yoast SEO plugin. -->","yoast_head_json":{"title":"Privacy Policy - Cassovium","robots":{"index":"index","follow":"follow","max-snippet":"max-snippet:-1","max-image-preview":"max-image-preview:large","max-video-preview":"max-video-preview:-1"},"canonical":"https:\/\/edihcassovium.sk\/en\/privacy-policy\/","og_locale":"en_US","og_type":"article","og_title":"Privacy Policy - Cassovium","og_description":"Rules and conditions for personal data processing \u2013 GDPR Legal framework The processing of personal data is governed by Regulation (EU) 2016\/679 of the European Parliament and of the Council [&hellip;]","og_url":"https:\/\/edihcassovium.sk\/en\/privacy-policy\/","og_site_name":"Cassovium","article_publisher":"https:\/\/www.facebook.com\/EDIHCASSOVIUM","article_modified_time":"2025-05-27T09:43:17+00:00","twitter_card":"summary_large_image","twitter_misc":{"Est. reading time":"6 minutes"},"schema":{"@context":"https:\/\/schema.org","@graph":[{"@type":"WebPage","@id":"https:\/\/edihcassovium.sk\/en\/privacy-policy\/","url":"https:\/\/edihcassovium.sk\/en\/privacy-policy\/","name":"Privacy Policy - Cassovium","isPartOf":{"@id":"https:\/\/edihcassovium.sk\/en\/#website"},"datePublished":"2023-06-27T06:17:14+00:00","dateModified":"2025-05-27T09:43:17+00:00","breadcrumb":{"@id":"https:\/\/edihcassovium.sk\/en\/privacy-policy\/#breadcrumb"},"inLanguage":"en-US","potentialAction":[{"@type":"ReadAction","target":["https:\/\/edihcassovium.sk\/en\/privacy-policy\/"]}]},{"@type":"BreadcrumbList","@id":"https:\/\/edihcassovium.sk\/en\/privacy-policy\/#breadcrumb","itemListElement":[{"@type":"ListItem","position":1,"name":"Domovsk\u00e1 str\u00e1nka","item":"https:\/\/edihcassovium.sk\/en\/"},{"@type":"ListItem","position":2,"name":"Privacy Policy"}]},{"@type":"WebSite","@id":"https:\/\/edihcassovium.sk\/en\/#website","url":"https:\/\/edihcassovium.sk\/en\/","name":"Cassovium","description":"Region\u00e1lny EDIH pre v\u00fdchodn\u00e9 Slovensko","publisher":{"@id":"https:\/\/edihcassovium.sk\/en\/#organization"},"potentialAction":[{"@type":"SearchAction","target":{"@type":"EntryPoint","urlTemplate":"https:\/\/edihcassovium.sk\/en\/?s={search_term_string}"},"query-input":{"@type":"PropertyValueSpecification","valueRequired":true,"valueName":"search_term_string"}}],"inLanguage":"en-US"},{"@type":"Organization","@id":"https:\/\/edihcassovium.sk\/en\/#organization","name":"EDIH Cassovium","url":"https:\/\/edihcassovium.sk\/en\/","logo":{"@type":"ImageObject","inLanguage":"en-US","@id":"https:\/\/edihcassovium.sk\/en\/#\/schema\/logo\/image\/","url":"https:\/\/edihcassovium.sk\/wp-content\/uploads\/2023\/06\/cassovium-logo.svg","contentUrl":"https:\/\/edihcassovium.sk\/wp-content\/uploads\/2023\/06\/cassovium-logo.svg","width":603,"height":215,"caption":"EDIH Cassovium"},"image":{"@id":"https:\/\/edihcassovium.sk\/en\/#\/schema\/logo\/image\/"},"sameAs":["https:\/\/www.facebook.com\/EDIHCASSOVIUM","https:\/\/www.instagram.com\/edihcassovium\/","https:\/\/www.linkedin.com\/company\/edih-cassovium\/"]}]}},"_links":{"self":[{"href":"https:\/\/edihcassovium.sk\/en\/wp-json\/wp\/v2\/pages\/3288","targetHints":{"allow":["GET"]}}],"collection":[{"href":"https:\/\/edihcassovium.sk\/en\/wp-json\/wp\/v2\/pages"}],"about":[{"href":"https:\/\/edihcassovium.sk\/en\/wp-json\/wp\/v2\/types\/page"}],"author":[{"embeddable":true,"href":"https:\/\/edihcassovium.sk\/en\/wp-json\/wp\/v2\/users\/1"}],"replies":[{"embeddable":true,"href":"https:\/\/edihcassovium.sk\/en\/wp-json\/wp\/v2\/comments?post=3288"}],"version-history":[{"count":15,"href":"https:\/\/edihcassovium.sk\/en\/wp-json\/wp\/v2\/pages\/3288\/revisions"}],"predecessor-version":[{"id":3333,"href":"https:\/\/edihcassovium.sk\/en\/wp-json\/wp\/v2\/pages\/3288\/revisions\/3333"}],"wp:attachment":[{"href":"https:\/\/edihcassovium.sk\/en\/wp-json\/wp\/v2\/media?parent=3288"}],"curies":[{"name":"wp","href":"https:\/\/api.w.org\/{rel}","templated":true}]}}