{"id":3334,"date":"2023-06-26T14:35:38","date_gmt":"2023-06-26T12:35:38","guid":{"rendered":"https:\/\/edihcassovium.sk\/partneri\/"},"modified":"2025-05-27T11:51:44","modified_gmt":"2025-05-27T09:51:44","slug":"partners","status":"publish","type":"page","link":"https:\/\/edihcassovium.sk\/en\/partners\/","title":{"rendered":"Partners"},"content":{"rendered":"\t\t<div data-elementor-type=\"wp-page\" data-elementor-id=\"3334\" class=\"elementor elementor-3334 elementor-448\" data-elementor-settings=\"{&quot;ha_cmc_init_switcher&quot;:&quot;no&quot;}\" data-elementor-post-type=\"page\">\n\t\t\t\t<div class=\"elementor-element elementor-element-d1bf560 e-flex e-con-boxed e-con e-parent\" data-id=\"d1bf560\" data-element_type=\"container\" data-e-type=\"container\" data-settings=\"{&quot;background_background&quot;:&quot;classic&quot;,&quot;jet_parallax_layout_list&quot;:[],&quot;_ha_eqh_enable&quot;:false}\">\n\t\t\t\t\t<div class=\"e-con-inner\">\n\t\t<div class=\"elementor-element elementor-element-690f5a4 e-con-full e-flex e-con e-child\" data-id=\"690f5a4\" data-element_type=\"container\" data-e-type=\"container\" data-settings=\"{&quot;jet_parallax_layout_list&quot;:[],&quot;_ha_eqh_enable&quot;:false}\">\n\t\t\t\t<div class=\"elementor-element elementor-element-5d433bc elementor-widget elementor-widget-heading\" data-id=\"5d433bc\" data-element_type=\"widget\" data-e-type=\"widget\" data-widget_type=\"heading.default\">\n\t\t\t\t<div class=\"elementor-widget-container\">\n\t\t\t\t\t<h1 class=\"elementor-heading-title elementor-size-default\">Partners<\/h1>\t\t\t\t<\/div>\n\t\t\t\t<\/div>\n\t\t\t\t<div class=\"elementor-element elementor-element-0fe4ced elementor-widget elementor-widget-heading\" data-id=\"0fe4ced\" data-element_type=\"widget\" data-e-type=\"widget\" data-widget_type=\"heading.default\">\n\t\t\t\t<div class=\"elementor-widget-container\">\n\t\t\t\t\t<h3 class=\"elementor-heading-title elementor-size-default\">A consortium built on strong expertise: Technical University of Ko\u0161ice, Pavol Jozef \u0160af\u00e1rik University, Ko\u0161ice IT Valley\n<\/h3>\t\t\t\t<\/div>\n\t\t\t\t<\/div>\n\t\t\t\t<div class=\"elementor-element elementor-element-abd41f3 elementor-widget elementor-widget-text-editor\" data-id=\"abd41f3\" data-element_type=\"widget\" data-e-type=\"widget\" data-widget_type=\"text-editor.default\">\n\t\t\t\t<div class=\"elementor-widget-container\">\n\t\t\t\t\t\t\t\t\t<strong>The EDIH CASSOVIUM<\/strong> consortium consists of three key institutions operating in Eastern Slovakia: the Technical University of Ko\u0161ice, Pavol Jozef \u0160af\u00e1rik University in Ko\u0161ice, and Ko\u0161ice IT Valley. Through public funding from the Digital Europe Programme and the Recovery and Resilience Plan, we offer businesses and organizations a unique opportunity to transform their operations and activities.\t\t\t\t\t\t\t\t<\/div>\n\t\t\t\t<\/div>\n\t\t\t\t<\/div>\n\t\t<div class=\"elementor-element elementor-element-de50b65 e-con-full e-flex e-con e-child\" data-id=\"de50b65\" data-element_type=\"container\" data-e-type=\"container\" data-settings=\"{&quot;jet_parallax_layout_list&quot;:[],&quot;_ha_eqh_enable&quot;:false}\">\n\t\t\t\t<div class=\"elementor-element elementor-element-3fd836b floating elementor-widget elementor-widget-image\" data-id=\"3fd836b\" data-element_type=\"widget\" data-e-type=\"widget\" data-widget_type=\"image.default\">\n\t\t\t\t<div class=\"elementor-widget-container\">\n\t\t\t\t\t\t\t\t\t\t\t\t\t\t\t<img fetchpriority=\"high\" decoding=\"async\" width=\"1000\" height=\"1089\" src=\"https:\/\/edihcassovium.sk\/wp-content\/uploads\/2023\/10\/partneri-logo.png\" class=\"attachment-full size-full wp-image-2951\" alt=\"\" srcset=\"https:\/\/edihcassovium.sk\/wp-content\/uploads\/2023\/10\/partneri-logo.png 1000w, https:\/\/edihcassovium.sk\/wp-content\/uploads\/2023\/10\/partneri-logo-275x300.png 275w, https:\/\/edihcassovium.sk\/wp-content\/uploads\/2023\/10\/partneri-logo-940x1024.png 940w, https:\/\/edihcassovium.sk\/wp-content\/uploads\/2023\/10\/partneri-logo-768x836.png 768w\" sizes=\"(max-width: 1000px) 100vw, 1000px\" \/>\t\t\t\t\t\t\t\t\t\t\t\t\t\t\t<\/div>\n\t\t\t\t<\/div>\n\t\t\t\t<\/div>\n\t\t\t\t\t<\/div>\n\t\t\t\t<\/div>\n\t\t<div class=\"elementor-element elementor-element-eb2e839 e-flex e-con-boxed e-con e-parent\" data-id=\"eb2e839\" data-element_type=\"container\" data-e-type=\"container\" id=\"tuke\" data-settings=\"{&quot;jet_parallax_layout_list&quot;:[],&quot;_ha_eqh_enable&quot;:false}\">\n\t\t\t\t\t<div class=\"e-con-inner\">\n\t\t<div class=\"elementor-element elementor-element-b8e9c22 e-con-full e-flex e-con e-child\" data-id=\"b8e9c22\" data-element_type=\"container\" data-e-type=\"container\" data-settings=\"{&quot;jet_parallax_layout_list&quot;:[],&quot;_ha_eqh_enable&quot;:false}\">\n\t\t\t\t<div class=\"elementor-element elementor-element-8cab418 elementor-widget elementor-widget-heading\" data-id=\"8cab418\" data-element_type=\"widget\" data-e-type=\"widget\" data-widget_type=\"heading.default\">\n\t\t\t\t<div class=\"elementor-widget-container\">\n\t\t\t\t\t<h2 class=\"elementor-heading-title elementor-size-default\">Technical university of ko\u0161ice<\/h2>\t\t\t\t<\/div>\n\t\t\t\t<\/div>\n\t\t\t\t<div class=\"elementor-element elementor-element-3983e2d elementor-widget elementor-widget-video\" data-id=\"3983e2d\" data-element_type=\"widget\" data-e-type=\"widget\" data-settings=\"{&quot;youtube_url&quot;:&quot;https:\\\/\\\/www.youtube.com\\\/watch?v=lL4c5S3LouI&quot;,&quot;video_type&quot;:&quot;youtube&quot;,&quot;controls&quot;:&quot;yes&quot;}\" data-widget_type=\"video.default\">\n\t\t\t\t<div class=\"elementor-widget-container\">\n\t\t\t\t\t\t\t<div class=\"elementor-wrapper elementor-open-inline\">\n\t\t\t<div class=\"elementor-video\"><\/div>\t\t<\/div>\n\t\t\t\t\t\t<\/div>\n\t\t\t\t<\/div>\n\t\t\t\t<\/div>\n\t\t<div class=\"elementor-element elementor-element-727ac7e e-con-full e-flex e-con e-child\" data-id=\"727ac7e\" data-element_type=\"container\" data-e-type=\"container\" data-settings=\"{&quot;jet_parallax_layout_list&quot;:[],&quot;_ha_eqh_enable&quot;:false}\">\n\t\t\t\t<div class=\"elementor-element elementor-element-6792bf3 elementor-widget elementor-widget-text-editor\" data-id=\"6792bf3\" data-element_type=\"widget\" data-e-type=\"widget\" data-widget_type=\"text-editor.default\">\n\t\t\t\t<div class=\"elementor-widget-container\">\n\t\t\t\t\t\t\t\t\t<strong>The Technical University of Ko\u0161ice<\/strong> <a href=\"https:\/\/www.tuke.sk\/en\">www.tuke.en<\/a>, established in 1952, provides a full range of educational, research, and innovation activities in the fields of technical sciences, economics, and arts within the ESK-REG region. The development and transfer of knowledge in the broadest sense remain the university&#8217;s primary focus. TUKE strives to maintain coherent and interdependent relationships between teaching, research, and innovation activities in line with the European state of the art.\n\n<strong>The university comprises 9 faculties: Faculty of Mining, Ecology, Process Control and Geotechnologies; Faculty of Materials, Metallurgy and Recycling; Faculty of Mechanical Engineering; Faculty of Civil Engineering; Faculty of Electrical Engineering and Informatics; Faculty of Manufacturing Technologies; Faculty of Economics; Faculty of Arts; and Faculty of Aeronautics.<\/strong> TUKE has approximately 9,700 students and 1,400 staff members, including 950 academic staff. Seven technical faculties support internationally recognized scientific and research excellence through seven centers of excellence.\n\nTUKE provides the region with a scientific and technological knowledge base, innovations, and workforce to help shape a prosperous and sustainable future and improve the quality of life for citizens. In fulfilling this mission, the University Science Park TECHNICOM (UVP TECHNICOM \u2013 <a href=\"https:\/\/uvptechnicom.sk\/en\/\">www.uvptechnicom.en<\/a> , a university-wide institution at TUKE, plays a key role. UVP serves as an effective platform (ecosystem) for supporting applied research and development and for promoting innovation activities, knowledge and technology transfer through active cooperation between academia, society, and the business sector across the region, the country, and the EU.\n\nWithin the EDIH CASSOVIUM consortium, UVP TECHNICOM will play a key role as the central hub for management, organization, administration, training, presentation, communication, and collaboration.\t\t\t\t\t\t\t\t<\/div>\n\t\t\t\t<\/div>\n\t\t\t\t<\/div>\n\t\t\t\t\t<\/div>\n\t\t\t\t<\/div>\n\t\t<div class=\"elementor-element elementor-element-7b671f9 e-flex e-con-boxed e-con e-parent\" data-id=\"7b671f9\" data-element_type=\"container\" data-e-type=\"container\" id=\"upjs\" data-settings=\"{&quot;jet_parallax_layout_list&quot;:[],&quot;_ha_eqh_enable&quot;:false}\">\n\t\t\t\t\t<div class=\"e-con-inner\">\n\t\t<div class=\"elementor-element elementor-element-ce627a3 e-con-full e-flex e-con e-child\" data-id=\"ce627a3\" data-element_type=\"container\" data-e-type=\"container\" data-settings=\"{&quot;jet_parallax_layout_list&quot;:[],&quot;_ha_eqh_enable&quot;:false}\">\n\t\t\t\t<div class=\"elementor-element elementor-element-1060d35 elementor-widget elementor-widget-text-editor\" data-id=\"1060d35\" data-element_type=\"widget\" data-e-type=\"widget\" data-widget_type=\"text-editor.default\">\n\t\t\t\t<div class=\"elementor-widget-container\">\n\t\t\t\t\t\t\t\t\tPavol Jozef \u0160af\u00e1rik University in Ko\u0161ice (<a href=\"https:\/\/www.upjs.sk\/en\/\">UPJ\u0160<\/a>) is one of the prominent and respected educational and research institutions not only in Slovakia but also in Europe. Currently, UPJ\u0160 has five faculties: Faculty of Science, Faculty of Medicine, Faculty of Law, Faculty of Public Administration, and Faculty of Arts. UPJ\u0160 provides higher education at all three levels, based on high-quality research supported by extensive international cooperation. Increasingly, the university is focusing on leveraging the potential of university science parks and research and development centers of excellence in biomedicine, materials research, informatics, and information technologies, with the goal of creating intellectual property and transferring research results into practice.\n\nThe university hosts six centers of excellence that demonstrate internationally recognized scientific quality. According to evaluations by the Slovak Accreditation Agency and the Ministry of Education, UPJ\u0160 received the status of Top Research Teams in the field of informatics. UPJ\u0160 also operates an internationally accredited CSIRT center, which provides cybersecurity services to internal and external clients. The university has long-term experience in developing and implementing complex information systems. UPJ\u0160 is a member of national platforms in the fields of quantum technologies, artificial intelligence, and is also a member of the Budapest node of EIT Digital.\t\t\t\t\t\t\t\t<\/div>\n\t\t\t\t<\/div>\n\t\t\t\t<\/div>\n\t\t<div class=\"elementor-element elementor-element-f4eac63 e-con-full e-flex e-con e-child\" data-id=\"f4eac63\" data-element_type=\"container\" data-e-type=\"container\" data-settings=\"{&quot;jet_parallax_layout_list&quot;:[],&quot;_ha_eqh_enable&quot;:false}\">\n\t\t\t\t<div class=\"elementor-element elementor-element-76e3c13 elementor-widget elementor-widget-heading\" data-id=\"76e3c13\" data-element_type=\"widget\" data-e-type=\"widget\" data-widget_type=\"heading.default\">\n\t\t\t\t<div class=\"elementor-widget-container\">\n\t\t\t\t\t<h2 class=\"elementor-heading-title elementor-size-default\">Pavol Jozef \u0160af\u00e1rik\nUniversity in Ko\u0161ice\n<\/h2>\t\t\t\t<\/div>\n\t\t\t\t<\/div>\n\t\t\t\t<div class=\"elementor-element elementor-element-2430d75 elementor-widget elementor-widget-video\" data-id=\"2430d75\" data-element_type=\"widget\" data-e-type=\"widget\" data-settings=\"{&quot;youtube_url&quot;:&quot;https:\\\/\\\/www.youtube.com\\\/watch?v=kJfAUXn1NoA&quot;,&quot;video_type&quot;:&quot;youtube&quot;,&quot;controls&quot;:&quot;yes&quot;}\" data-widget_type=\"video.default\">\n\t\t\t\t<div class=\"elementor-widget-container\">\n\t\t\t\t\t\t\t<div class=\"elementor-wrapper elementor-open-inline\">\n\t\t\t<div class=\"elementor-video\"><\/div>\t\t<\/div>\n\t\t\t\t\t\t<\/div>\n\t\t\t\t<\/div>\n\t\t\t\t<\/div>\n\t\t\t\t\t<\/div>\n\t\t\t\t<\/div>\n\t\t<div class=\"elementor-element elementor-element-bf245ad e-flex e-con-boxed e-con e-parent\" data-id=\"bf245ad\" data-element_type=\"container\" data-e-type=\"container\" id=\"it-valley\" data-settings=\"{&quot;jet_parallax_layout_list&quot;:[],&quot;_ha_eqh_enable&quot;:false}\">\n\t\t\t\t\t<div class=\"e-con-inner\">\n\t\t<div class=\"elementor-element elementor-element-b5cadd6 e-con-full e-flex e-con e-child\" data-id=\"b5cadd6\" data-element_type=\"container\" data-e-type=\"container\" data-settings=\"{&quot;jet_parallax_layout_list&quot;:[],&quot;_ha_eqh_enable&quot;:false}\">\n\t\t\t\t<div class=\"elementor-element elementor-element-15b6d1f elementor-widget elementor-widget-heading\" data-id=\"15b6d1f\" data-element_type=\"widget\" data-e-type=\"widget\" data-widget_type=\"heading.default\">\n\t\t\t\t<div class=\"elementor-widget-container\">\n\t\t\t\t\t<h2 class=\"elementor-heading-title elementor-size-default\">Ko\u0161ice IT Valley<\/h2>\t\t\t\t<\/div>\n\t\t\t\t<\/div>\n\t\t\t\t<div class=\"elementor-element elementor-element-afd12c3 elementor-widget elementor-widget-video\" data-id=\"afd12c3\" data-element_type=\"widget\" data-e-type=\"widget\" data-settings=\"{&quot;youtube_url&quot;:&quot;https:\\\/\\\/www.youtube.com\\\/watch?v=YlbxTqoGtTE&quot;,&quot;video_type&quot;:&quot;youtube&quot;,&quot;controls&quot;:&quot;yes&quot;}\" data-widget_type=\"video.default\">\n\t\t\t\t<div class=\"elementor-widget-container\">\n\t\t\t\t\t\t\t<div class=\"elementor-wrapper elementor-open-inline\">\n\t\t\t<div class=\"elementor-video\"><\/div>\t\t<\/div>\n\t\t\t\t\t\t<\/div>\n\t\t\t\t<\/div>\n\t\t\t\t<\/div>\n\t\t<div class=\"elementor-element elementor-element-13b3789 e-con-full e-flex e-con e-child\" data-id=\"13b3789\" data-element_type=\"container\" data-e-type=\"container\" data-settings=\"{&quot;jet_parallax_layout_list&quot;:[],&quot;_ha_eqh_enable&quot;:false}\">\n\t\t\t\t<div class=\"elementor-element elementor-element-2136be0 elementor-widget elementor-widget-text-editor\" data-id=\"2136be0\" data-element_type=\"widget\" data-e-type=\"widget\" data-widget_type=\"text-editor.default\">\n\t\t\t\t<div class=\"elementor-widget-container\">\n\t\t\t\t\t\t\t\t\t<strong>Ko\u0161ice IT Valley<\/strong> (<a href=\"https:\/\/www.kosiceitvalley.sk\/en\/home\/\">KEITVA<\/a>) is an internationally recognized regional cluster of IT companies and a key stakeholder in the economic transformation of the ESK-REG region. It consists of 62 members operating in the fields of information technology, education, and public administration. The partner plays a crucial role in the development of the IT industry in the Ko\u0161ice region. It was established in 2007 as a joint initiative of educational institutions (including TUKE and UPJ\u0160), regional government, municipalities, and leading IT companies. In 2012, it was transformed into a cluster, and in 2015, it became the first in Central Europe to receive the \u201cCluster Management Excellence Label GOLD\u201d certification.\n\nTop international IT companies implement unique projects in healthcare, smart cities, energy, transport, and metallurgy. Thanks to their innovative approach, other projects have also been launched in the ESK-REG region, contributing significantly to the development of the IT ecosystem. The cluster also facilitates the involvement of IT companies in the educational process at universities (Live IT Projects), secondary schools (Lab IT Creativity), and primary schools (Step by Step \u2013 from the product idea). The cluster organizes public educational activities to build skills for UX\/UI designers, programmers, project managers, women in IT, and raises awareness of topics such as Industry 4.0, machine learning, big data, and artificial intelligence.\t\t\t\t\t\t\t\t<\/div>\n\t\t\t\t<\/div>\n\t\t\t\t<\/div>\n\t\t\t\t\t<\/div>\n\t\t\t\t<\/div>\n\t\t\t\t<\/div>\n\t\t","protected":false},"excerpt":{"rendered":"<p>A consortium built on strong expertise: Technical University of Ko\u0161ice, Pavol Jozef \u0160af\u00e1rik University, Ko\u0161ice IT Valley The EDIH CASSOVIUM consortium consists of three key institutions operating in Eastern Slovakia: [&hellip;]<\/p>\n","protected":false},"author":1,"featured_media":0,"parent":0,"menu_order":0,"comment_status":"closed","ping_status":"closed","template":"elementor_header_footer","meta":{"footnotes":""},"class_list":["post-3334","page","type-page","status-publish","hentry"],"yoast_head":"<!-- This site is optimized with the Yoast SEO plugin v27.6 - https:\/\/yoast.com\/product\/yoast-seo-wordpress\/ -->\n<title>Partners - Cassovium<\/title>\n<meta name=\"description\" content=\"The EDIH CASSOVIUM consortium consists of three key institutions operating in Eastern Slovakia. Through funding...\" \/>\n<meta name=\"robots\" content=\"index, follow, max-snippet:-1, max-image-preview:large, max-video-preview:-1\" \/>\n<link rel=\"canonical\" href=\"https:\/\/edihcassovium.sk\/en\/partners\/\" \/>\n<meta property=\"og:locale\" content=\"en_US\" \/>\n<meta property=\"og:type\" content=\"article\" \/>\n<meta property=\"og:title\" content=\"Partners - Cassovium\" \/>\n<meta property=\"og:description\" content=\"The EDIH CASSOVIUM consortium consists of three key institutions operating in Eastern Slovakia. Through funding...\" \/>\n<meta property=\"og:url\" content=\"https:\/\/edihcassovium.sk\/en\/partners\/\" \/>\n<meta property=\"og:site_name\" content=\"Cassovium\" \/>\n<meta property=\"article:publisher\" content=\"https:\/\/www.facebook.com\/EDIHCASSOVIUM\" \/>\n<meta property=\"article:modified_time\" content=\"2025-05-27T09:51:44+00:00\" \/>\n<meta property=\"og:image\" content=\"https:\/\/edihcassovium.sk\/wp-content\/uploads\/2023\/10\/partneri-logo.png\" \/>\n\t<meta property=\"og:image:width\" content=\"1000\" \/>\n\t<meta property=\"og:image:height\" content=\"1089\" \/>\n\t<meta property=\"og:image:type\" content=\"image\/png\" \/>\n<meta name=\"twitter:card\" content=\"summary_large_image\" \/>\n<meta name=\"twitter:label1\" content=\"Est. reading time\" \/>\n\t<meta name=\"twitter:data1\" content=\"4 minutes\" \/>\n<script type=\"application\/ld+json\" class=\"yoast-schema-graph\">{\"@context\":\"https:\\\/\\\/schema.org\",\"@graph\":[{\"@type\":\"WebPage\",\"@id\":\"https:\\\/\\\/edihcassovium.sk\\\/en\\\/partners\\\/\",\"url\":\"https:\\\/\\\/edihcassovium.sk\\\/en\\\/partners\\\/\",\"name\":\"Partners - Cassovium\",\"isPartOf\":{\"@id\":\"https:\\\/\\\/edihcassovium.sk\\\/en\\\/#website\"},\"primaryImageOfPage\":{\"@id\":\"https:\\\/\\\/edihcassovium.sk\\\/en\\\/partners\\\/#primaryimage\"},\"image\":{\"@id\":\"https:\\\/\\\/edihcassovium.sk\\\/en\\\/partners\\\/#primaryimage\"},\"thumbnailUrl\":\"https:\\\/\\\/edihcassovium.sk\\\/wp-content\\\/uploads\\\/2023\\\/10\\\/partneri-logo.png\",\"datePublished\":\"2023-06-26T12:35:38+00:00\",\"dateModified\":\"2025-05-27T09:51:44+00:00\",\"description\":\"The EDIH CASSOVIUM consortium consists of three key institutions operating in Eastern Slovakia. Through funding...\",\"breadcrumb\":{\"@id\":\"https:\\\/\\\/edihcassovium.sk\\\/en\\\/partners\\\/#breadcrumb\"},\"inLanguage\":\"en-US\",\"potentialAction\":[{\"@type\":\"ReadAction\",\"target\":[\"https:\\\/\\\/edihcassovium.sk\\\/en\\\/partners\\\/\"]}]},{\"@type\":\"ImageObject\",\"inLanguage\":\"en-US\",\"@id\":\"https:\\\/\\\/edihcassovium.sk\\\/en\\\/partners\\\/#primaryimage\",\"url\":\"https:\\\/\\\/edihcassovium.sk\\\/wp-content\\\/uploads\\\/2023\\\/10\\\/partneri-logo.png\",\"contentUrl\":\"https:\\\/\\\/edihcassovium.sk\\\/wp-content\\\/uploads\\\/2023\\\/10\\\/partneri-logo.png\"},{\"@type\":\"BreadcrumbList\",\"@id\":\"https:\\\/\\\/edihcassovium.sk\\\/en\\\/partners\\\/#breadcrumb\",\"itemListElement\":[{\"@type\":\"ListItem\",\"position\":1,\"name\":\"Domovsk\u00e1 str\u00e1nka\",\"item\":\"https:\\\/\\\/edihcassovium.sk\\\/en\\\/\"},{\"@type\":\"ListItem\",\"position\":2,\"name\":\"Partners\"}]},{\"@type\":\"WebSite\",\"@id\":\"https:\\\/\\\/edihcassovium.sk\\\/en\\\/#website\",\"url\":\"https:\\\/\\\/edihcassovium.sk\\\/en\\\/\",\"name\":\"Cassovium\",\"description\":\"Region\u00e1lny EDIH pre v\u00fdchodn\u00e9 Slovensko\",\"publisher\":{\"@id\":\"https:\\\/\\\/edihcassovium.sk\\\/en\\\/#organization\"},\"potentialAction\":[{\"@type\":\"SearchAction\",\"target\":{\"@type\":\"EntryPoint\",\"urlTemplate\":\"https:\\\/\\\/edihcassovium.sk\\\/en\\\/?s={search_term_string}\"},\"query-input\":{\"@type\":\"PropertyValueSpecification\",\"valueRequired\":true,\"valueName\":\"search_term_string\"}}],\"inLanguage\":\"en-US\"},{\"@type\":\"Organization\",\"@id\":\"https:\\\/\\\/edihcassovium.sk\\\/en\\\/#organization\",\"name\":\"EDIH Cassovium\",\"url\":\"https:\\\/\\\/edihcassovium.sk\\\/en\\\/\",\"logo\":{\"@type\":\"ImageObject\",\"inLanguage\":\"en-US\",\"@id\":\"https:\\\/\\\/edihcassovium.sk\\\/en\\\/#\\\/schema\\\/logo\\\/image\\\/\",\"url\":\"https:\\\/\\\/edihcassovium.sk\\\/wp-content\\\/uploads\\\/2023\\\/06\\\/cassovium-logo.svg\",\"contentUrl\":\"https:\\\/\\\/edihcassovium.sk\\\/wp-content\\\/uploads\\\/2023\\\/06\\\/cassovium-logo.svg\",\"width\":603,\"height\":215,\"caption\":\"EDIH Cassovium\"},\"image\":{\"@id\":\"https:\\\/\\\/edihcassovium.sk\\\/en\\\/#\\\/schema\\\/logo\\\/image\\\/\"},\"sameAs\":[\"https:\\\/\\\/www.facebook.com\\\/EDIHCASSOVIUM\",\"https:\\\/\\\/www.instagram.com\\\/edihcassovium\\\/\",\"https:\\\/\\\/www.linkedin.com\\\/company\\\/edih-cassovium\\\/\"]}]}<\/script>\n<!-- \/ Yoast SEO plugin. -->","yoast_head_json":{"title":"Partners - Cassovium","description":"The EDIH CASSOVIUM consortium consists of three key institutions operating in Eastern Slovakia. Through funding...","robots":{"index":"index","follow":"follow","max-snippet":"max-snippet:-1","max-image-preview":"max-image-preview:large","max-video-preview":"max-video-preview:-1"},"canonical":"https:\/\/edihcassovium.sk\/en\/partners\/","og_locale":"en_US","og_type":"article","og_title":"Partners - Cassovium","og_description":"The EDIH CASSOVIUM consortium consists of three key institutions operating in Eastern Slovakia. Through funding...","og_url":"https:\/\/edihcassovium.sk\/en\/partners\/","og_site_name":"Cassovium","article_publisher":"https:\/\/www.facebook.com\/EDIHCASSOVIUM","article_modified_time":"2025-05-27T09:51:44+00:00","og_image":[{"width":1000,"height":1089,"url":"https:\/\/edihcassovium.sk\/wp-content\/uploads\/2023\/10\/partneri-logo.png","type":"image\/png"}],"twitter_card":"summary_large_image","twitter_misc":{"Est. reading time":"4 minutes"},"schema":{"@context":"https:\/\/schema.org","@graph":[{"@type":"WebPage","@id":"https:\/\/edihcassovium.sk\/en\/partners\/","url":"https:\/\/edihcassovium.sk\/en\/partners\/","name":"Partners - Cassovium","isPartOf":{"@id":"https:\/\/edihcassovium.sk\/en\/#website"},"primaryImageOfPage":{"@id":"https:\/\/edihcassovium.sk\/en\/partners\/#primaryimage"},"image":{"@id":"https:\/\/edihcassovium.sk\/en\/partners\/#primaryimage"},"thumbnailUrl":"https:\/\/edihcassovium.sk\/wp-content\/uploads\/2023\/10\/partneri-logo.png","datePublished":"2023-06-26T12:35:38+00:00","dateModified":"2025-05-27T09:51:44+00:00","description":"The EDIH CASSOVIUM consortium consists of three key institutions operating in Eastern Slovakia. Through funding...","breadcrumb":{"@id":"https:\/\/edihcassovium.sk\/en\/partners\/#breadcrumb"},"inLanguage":"en-US","potentialAction":[{"@type":"ReadAction","target":["https:\/\/edihcassovium.sk\/en\/partners\/"]}]},{"@type":"ImageObject","inLanguage":"en-US","@id":"https:\/\/edihcassovium.sk\/en\/partners\/#primaryimage","url":"https:\/\/edihcassovium.sk\/wp-content\/uploads\/2023\/10\/partneri-logo.png","contentUrl":"https:\/\/edihcassovium.sk\/wp-content\/uploads\/2023\/10\/partneri-logo.png"},{"@type":"BreadcrumbList","@id":"https:\/\/edihcassovium.sk\/en\/partners\/#breadcrumb","itemListElement":[{"@type":"ListItem","position":1,"name":"Domovsk\u00e1 str\u00e1nka","item":"https:\/\/edihcassovium.sk\/en\/"},{"@type":"ListItem","position":2,"name":"Partners"}]},{"@type":"WebSite","@id":"https:\/\/edihcassovium.sk\/en\/#website","url":"https:\/\/edihcassovium.sk\/en\/","name":"Cassovium","description":"Region\u00e1lny EDIH pre v\u00fdchodn\u00e9 Slovensko","publisher":{"@id":"https:\/\/edihcassovium.sk\/en\/#organization"},"potentialAction":[{"@type":"SearchAction","target":{"@type":"EntryPoint","urlTemplate":"https:\/\/edihcassovium.sk\/en\/?s={search_term_string}"},"query-input":{"@type":"PropertyValueSpecification","valueRequired":true,"valueName":"search_term_string"}}],"inLanguage":"en-US"},{"@type":"Organization","@id":"https:\/\/edihcassovium.sk\/en\/#organization","name":"EDIH Cassovium","url":"https:\/\/edihcassovium.sk\/en\/","logo":{"@type":"ImageObject","inLanguage":"en-US","@id":"https:\/\/edihcassovium.sk\/en\/#\/schema\/logo\/image\/","url":"https:\/\/edihcassovium.sk\/wp-content\/uploads\/2023\/06\/cassovium-logo.svg","contentUrl":"https:\/\/edihcassovium.sk\/wp-content\/uploads\/2023\/06\/cassovium-logo.svg","width":603,"height":215,"caption":"EDIH Cassovium"},"image":{"@id":"https:\/\/edihcassovium.sk\/en\/#\/schema\/logo\/image\/"},"sameAs":["https:\/\/www.facebook.com\/EDIHCASSOVIUM","https:\/\/www.instagram.com\/edihcassovium\/","https:\/\/www.linkedin.com\/company\/edih-cassovium\/"]}]}},"_links":{"self":[{"href":"https:\/\/edihcassovium.sk\/en\/wp-json\/wp\/v2\/pages\/3334","targetHints":{"allow":["GET"]}}],"collection":[{"href":"https:\/\/edihcassovium.sk\/en\/wp-json\/wp\/v2\/pages"}],"about":[{"href":"https:\/\/edihcassovium.sk\/en\/wp-json\/wp\/v2\/types\/page"}],"author":[{"embeddable":true,"href":"https:\/\/edihcassovium.sk\/en\/wp-json\/wp\/v2\/users\/1"}],"replies":[{"embeddable":true,"href":"https:\/\/edihcassovium.sk\/en\/wp-json\/wp\/v2\/comments?post=3334"}],"version-history":[{"count":5,"href":"https:\/\/edihcassovium.sk\/en\/wp-json\/wp\/v2\/pages\/3334\/revisions"}],"predecessor-version":[{"id":3342,"href":"https:\/\/edihcassovium.sk\/en\/wp-json\/wp\/v2\/pages\/3334\/revisions\/3342"}],"wp:attachment":[{"href":"https:\/\/edihcassovium.sk\/en\/wp-json\/wp\/v2\/media?parent=3334"}],"curies":[{"name":"wp","href":"https:\/\/api.w.org\/{rel}","templated":true}]}}