{"id":3366,"date":"2024-09-26T13:07:56","date_gmt":"2024-09-26T11:07:56","guid":{"rendered":"https:\/\/edihcassovium.sk\/services\/archiv-vyziev\/"},"modified":"2025-05-27T13:02:03","modified_gmt":"2025-05-27T11:02:03","slug":"archive-calls","status":"publish","type":"page","link":"https:\/\/edihcassovium.sk\/en\/services\/archive-calls\/","title":{"rendered":"Archive of calls"},"content":{"rendered":"\t\t<div data-elementor-type=\"wp-page\" data-elementor-id=\"3366\" class=\"elementor elementor-3366 elementor-2203\" data-elementor-settings=\"{&quot;ha_cmc_init_switcher&quot;:&quot;no&quot;}\" data-elementor-post-type=\"page\">\n\t\t\t\t<div class=\"elementor-element elementor-element-cb1128a e-flex e-con-boxed e-con e-parent\" data-id=\"cb1128a\" data-element_type=\"container\" data-settings=\"{&quot;jet_parallax_layout_list&quot;:[],&quot;_ha_eqh_enable&quot;:false}\">\n\t\t\t\t\t<div class=\"e-con-inner\">\n\t\t\t\t<div class=\"elementor-element elementor-element-90662a6 elementor-widget elementor-widget-text-editor\" data-id=\"90662a6\" data-element_type=\"widget\" data-widget_type=\"text-editor.default\">\n\t\t\t\t<div class=\"elementor-widget-container\">\n\t\t\t\t\t\t\t\t\t<p>Date of call publication : 01.12.2023<\/p>\t\t\t\t\t\t\t\t<\/div>\n\t\t\t\t<\/div>\n\t\t\t\t<div class=\"elementor-element elementor-element-8b4c876 elementor-widget elementor-widget-heading\" data-id=\"8b4c876\" data-element_type=\"widget\" data-widget_type=\"heading.default\">\n\t\t\t\t<div class=\"elementor-widget-container\">\n\t\t\t\t\t<h3 class=\"elementor-heading-title elementor-size-default\">Call for applications for public sector organizations that will not use the services for economic activity\n<\/h3>\t\t\t\t<\/div>\n\t\t\t\t<\/div>\n\t\t\t\t<div class=\"elementor-element elementor-element-9afd363 elementor-widget-mobile__width-inherit elementor-widget elementor-widget-ha-creative-button happy-addon ha-creative-button\" data-id=\"9afd363\" data-element_type=\"widget\" data-widget_type=\"ha-creative-button.default\">\n\t\t\t\t<div class=\"elementor-widget-container\">\n\t\t\t\t\t\t\t<div data-magnetic=\"no\" class=\"ha-creative-btn-wrap\">\n\t\t\t<a class=\"ha-creative-btn ha-stl--hermosa ha-eft--newbie\" href=\"https:\/\/edihcassovium.sk\/wp-content\/uploads\/2024\/09\/Vyzva-pre-OVS-november-2023.pdf\" target=\"_blank\"><span><span>View file (.PDF)<\/span><\/span><\/a>\n\t\t<\/div>\t\t\t\t<\/div>\n\t\t\t\t<\/div>\n\t\t\t\t<div class=\"elementor-element elementor-element-3b8e138 elementor-widget-divider--view-line elementor-widget elementor-widget-divider\" data-id=\"3b8e138\" data-element_type=\"widget\" data-widget_type=\"divider.default\">\n\t\t\t\t<div class=\"elementor-widget-container\">\n\t\t\t\t\t\t\t<div class=\"elementor-divider\">\n\t\t\t<span class=\"elementor-divider-separator\">\n\t\t\t\t\t\t<\/span>\n\t\t<\/div>\n\t\t\t\t\t\t<\/div>\n\t\t\t\t<\/div>\n\t\t\t\t<div class=\"elementor-element elementor-element-2f46108 elementor-widget elementor-widget-text-editor\" data-id=\"2f46108\" data-element_type=\"widget\" data-widget_type=\"text-editor.default\">\n\t\t\t\t<div class=\"elementor-widget-container\">\n\t\t\t\t\t\t\t\t\t<p>Date of call publication : 01.12.2023<\/p>\t\t\t\t\t\t\t\t<\/div>\n\t\t\t\t<\/div>\n\t\t\t\t<div class=\"elementor-element elementor-element-970564f elementor-widget elementor-widget-heading\" data-id=\"970564f\" data-element_type=\"widget\" data-widget_type=\"heading.default\">\n\t\t\t\t<div class=\"elementor-widget-container\">\n\t\t\t\t\t<h3 class=\"elementor-heading-title elementor-size-default\">Call for applications for the provision of de minimis aid to support digitalization\n<\/h3>\t\t\t\t<\/div>\n\t\t\t\t<\/div>\n\t\t\t\t<div class=\"elementor-element elementor-element-21ad83c elementor-widget-mobile__width-inherit elementor-widget elementor-widget-ha-creative-button happy-addon ha-creative-button\" data-id=\"21ad83c\" data-element_type=\"widget\" data-widget_type=\"ha-creative-button.default\">\n\t\t\t\t<div class=\"elementor-widget-container\">\n\t\t\t\t\t\t\t<div data-magnetic=\"no\" class=\"ha-creative-btn-wrap\">\n\t\t\t<a class=\"ha-creative-btn ha-stl--hermosa ha-eft--newbie\" href=\"https:\/\/edihcassovium.sk\/wp-content\/uploads\/2024\/09\/Vyzva-pre-male-a-stredne-podniky.pdf\" target=\"_blank\"><span><span>View file (.PDF)<\/span><\/span><\/a>\n\t\t<\/div>\t\t\t\t<\/div>\n\t\t\t\t<\/div>\n\t\t\t\t\t<\/div>\n\t\t\t\t<\/div>\n\t\t\t\t<\/div>\n\t\t","protected":false},"excerpt":{"rendered":"<p>Date of call publication : 01.12.2023 Call for applications for public sector organizations that will not use the services for economic activity View file (.PDF) Date of call publication : [&hellip;]<\/p>\n","protected":false},"author":1,"featured_media":0,"parent":3343,"menu_order":0,"comment_status":"closed","ping_status":"closed","template":"elementor_header_footer","meta":{"footnotes":""},"class_list":["post-3366","page","type-page","status-publish","hentry"],"yoast_head":"<!-- This site is optimized with the Yoast SEO plugin v26.8 - https:\/\/yoast.com\/product\/yoast-seo-wordpress\/ -->\n<title>Archive of calls - Cassovium<\/title>\n<meta name=\"robots\" content=\"index, follow, max-snippet:-1, max-image-preview:large, max-video-preview:-1\" \/>\n<link rel=\"canonical\" href=\"https:\/\/edihcassovium.sk\/en\/services\/archive-calls\/\" \/>\n<meta property=\"og:locale\" content=\"en_US\" \/>\n<meta property=\"og:type\" content=\"article\" \/>\n<meta property=\"og:title\" content=\"Archive of calls - Cassovium\" \/>\n<meta property=\"og:description\" content=\"Date of call publication : 01.12.2023 Call for applications for public sector organizations that will not use the services for economic activity View file (.PDF) Date of call publication : [&hellip;]\" \/>\n<meta property=\"og:url\" content=\"https:\/\/edihcassovium.sk\/en\/services\/archive-calls\/\" \/>\n<meta property=\"og:site_name\" content=\"Cassovium\" \/>\n<meta property=\"article:publisher\" content=\"https:\/\/www.facebook.com\/EDIHCASSOVIUM\" \/>\n<meta property=\"article:modified_time\" content=\"2025-05-27T11:02:03+00:00\" \/>\n<meta name=\"twitter:card\" content=\"summary_large_image\" \/>\n<meta name=\"twitter:label1\" content=\"Est. reading time\" \/>\n\t<meta name=\"twitter:data1\" content=\"1 minute\" \/>\n<script type=\"application\/ld+json\" class=\"yoast-schema-graph\">{\"@context\":\"https:\/\/schema.org\",\"@graph\":[{\"@type\":\"WebPage\",\"@id\":\"https:\/\/edihcassovium.sk\/en\/services\/archive-calls\/\",\"url\":\"https:\/\/edihcassovium.sk\/en\/services\/archive-calls\/\",\"name\":\"Archive of calls - Cassovium\",\"isPartOf\":{\"@id\":\"https:\/\/edihcassovium.sk\/en\/#website\"},\"datePublished\":\"2024-09-26T11:07:56+00:00\",\"dateModified\":\"2025-05-27T11:02:03+00:00\",\"breadcrumb\":{\"@id\":\"https:\/\/edihcassovium.sk\/en\/services\/archive-calls\/#breadcrumb\"},\"inLanguage\":\"en-US\",\"potentialAction\":[{\"@type\":\"ReadAction\",\"target\":[\"https:\/\/edihcassovium.sk\/en\/services\/archive-calls\/\"]}]},{\"@type\":\"BreadcrumbList\",\"@id\":\"https:\/\/edihcassovium.sk\/en\/services\/archive-calls\/#breadcrumb\",\"itemListElement\":[{\"@type\":\"ListItem\",\"position\":1,\"name\":\"Domovsk\u00e1 str\u00e1nka\",\"item\":\"https:\/\/edihcassovium.sk\/en\/\"},{\"@type\":\"ListItem\",\"position\":2,\"name\":\"Services\",\"item\":\"https:\/\/edihcassovium.sk\/en\/services\/\"},{\"@type\":\"ListItem\",\"position\":3,\"name\":\"Archive of calls\"}]},{\"@type\":\"WebSite\",\"@id\":\"https:\/\/edihcassovium.sk\/en\/#website\",\"url\":\"https:\/\/edihcassovium.sk\/en\/\",\"name\":\"Cassovium\",\"description\":\"Region\u00e1lny EDIH pre v\u00fdchodn\u00e9 Slovensko\",\"publisher\":{\"@id\":\"https:\/\/edihcassovium.sk\/en\/#organization\"},\"potentialAction\":[{\"@type\":\"SearchAction\",\"target\":{\"@type\":\"EntryPoint\",\"urlTemplate\":\"https:\/\/edihcassovium.sk\/en\/?s={search_term_string}\"},\"query-input\":{\"@type\":\"PropertyValueSpecification\",\"valueRequired\":true,\"valueName\":\"search_term_string\"}}],\"inLanguage\":\"en-US\"},{\"@type\":\"Organization\",\"@id\":\"https:\/\/edihcassovium.sk\/en\/#organization\",\"name\":\"EDIH Cassovium\",\"url\":\"https:\/\/edihcassovium.sk\/en\/\",\"logo\":{\"@type\":\"ImageObject\",\"inLanguage\":\"en-US\",\"@id\":\"https:\/\/edihcassovium.sk\/en\/#\/schema\/logo\/image\/\",\"url\":\"https:\/\/edihcassovium.sk\/wp-content\/uploads\/2023\/06\/cassovium-logo.svg\",\"contentUrl\":\"https:\/\/edihcassovium.sk\/wp-content\/uploads\/2023\/06\/cassovium-logo.svg\",\"width\":603,\"height\":215,\"caption\":\"EDIH Cassovium\"},\"image\":{\"@id\":\"https:\/\/edihcassovium.sk\/en\/#\/schema\/logo\/image\/\"},\"sameAs\":[\"https:\/\/www.facebook.com\/EDIHCASSOVIUM\",\"https:\/\/www.instagram.com\/edihcassovium\/\",\"https:\/\/www.linkedin.com\/company\/edih-cassovium\/\"]}]}<\/script>\n<!-- \/ Yoast SEO plugin. -->","yoast_head_json":{"title":"Archive of calls - Cassovium","robots":{"index":"index","follow":"follow","max-snippet":"max-snippet:-1","max-image-preview":"max-image-preview:large","max-video-preview":"max-video-preview:-1"},"canonical":"https:\/\/edihcassovium.sk\/en\/services\/archive-calls\/","og_locale":"en_US","og_type":"article","og_title":"Archive of calls - Cassovium","og_description":"Date of call publication : 01.12.2023 Call for applications for public sector organizations that will not use the services for economic activity View file (.PDF) Date of call publication : [&hellip;]","og_url":"https:\/\/edihcassovium.sk\/en\/services\/archive-calls\/","og_site_name":"Cassovium","article_publisher":"https:\/\/www.facebook.com\/EDIHCASSOVIUM","article_modified_time":"2025-05-27T11:02:03+00:00","twitter_card":"summary_large_image","twitter_misc":{"Est. reading time":"1 minute"},"schema":{"@context":"https:\/\/schema.org","@graph":[{"@type":"WebPage","@id":"https:\/\/edihcassovium.sk\/en\/services\/archive-calls\/","url":"https:\/\/edihcassovium.sk\/en\/services\/archive-calls\/","name":"Archive of calls - Cassovium","isPartOf":{"@id":"https:\/\/edihcassovium.sk\/en\/#website"},"datePublished":"2024-09-26T11:07:56+00:00","dateModified":"2025-05-27T11:02:03+00:00","breadcrumb":{"@id":"https:\/\/edihcassovium.sk\/en\/services\/archive-calls\/#breadcrumb"},"inLanguage":"en-US","potentialAction":[{"@type":"ReadAction","target":["https:\/\/edihcassovium.sk\/en\/services\/archive-calls\/"]}]},{"@type":"BreadcrumbList","@id":"https:\/\/edihcassovium.sk\/en\/services\/archive-calls\/#breadcrumb","itemListElement":[{"@type":"ListItem","position":1,"name":"Domovsk\u00e1 str\u00e1nka","item":"https:\/\/edihcassovium.sk\/en\/"},{"@type":"ListItem","position":2,"name":"Services","item":"https:\/\/edihcassovium.sk\/en\/services\/"},{"@type":"ListItem","position":3,"name":"Archive of calls"}]},{"@type":"WebSite","@id":"https:\/\/edihcassovium.sk\/en\/#website","url":"https:\/\/edihcassovium.sk\/en\/","name":"Cassovium","description":"Region\u00e1lny EDIH pre v\u00fdchodn\u00e9 Slovensko","publisher":{"@id":"https:\/\/edihcassovium.sk\/en\/#organization"},"potentialAction":[{"@type":"SearchAction","target":{"@type":"EntryPoint","urlTemplate":"https:\/\/edihcassovium.sk\/en\/?s={search_term_string}"},"query-input":{"@type":"PropertyValueSpecification","valueRequired":true,"valueName":"search_term_string"}}],"inLanguage":"en-US"},{"@type":"Organization","@id":"https:\/\/edihcassovium.sk\/en\/#organization","name":"EDIH Cassovium","url":"https:\/\/edihcassovium.sk\/en\/","logo":{"@type":"ImageObject","inLanguage":"en-US","@id":"https:\/\/edihcassovium.sk\/en\/#\/schema\/logo\/image\/","url":"https:\/\/edihcassovium.sk\/wp-content\/uploads\/2023\/06\/cassovium-logo.svg","contentUrl":"https:\/\/edihcassovium.sk\/wp-content\/uploads\/2023\/06\/cassovium-logo.svg","width":603,"height":215,"caption":"EDIH Cassovium"},"image":{"@id":"https:\/\/edihcassovium.sk\/en\/#\/schema\/logo\/image\/"},"sameAs":["https:\/\/www.facebook.com\/EDIHCASSOVIUM","https:\/\/www.instagram.com\/edihcassovium\/","https:\/\/www.linkedin.com\/company\/edih-cassovium\/"]}]}},"_links":{"self":[{"href":"https:\/\/edihcassovium.sk\/en\/wp-json\/wp\/v2\/pages\/3366","targetHints":{"allow":["GET"]}}],"collection":[{"href":"https:\/\/edihcassovium.sk\/en\/wp-json\/wp\/v2\/pages"}],"about":[{"href":"https:\/\/edihcassovium.sk\/en\/wp-json\/wp\/v2\/types\/page"}],"author":[{"embeddable":true,"href":"https:\/\/edihcassovium.sk\/en\/wp-json\/wp\/v2\/users\/1"}],"replies":[{"embeddable":true,"href":"https:\/\/edihcassovium.sk\/en\/wp-json\/wp\/v2\/comments?post=3366"}],"version-history":[{"count":5,"href":"https:\/\/edihcassovium.sk\/en\/wp-json\/wp\/v2\/pages\/3366\/revisions"}],"predecessor-version":[{"id":3372,"href":"https:\/\/edihcassovium.sk\/en\/wp-json\/wp\/v2\/pages\/3366\/revisions\/3372"}],"up":[{"embeddable":true,"href":"https:\/\/edihcassovium.sk\/en\/wp-json\/wp\/v2\/pages\/3343"}],"wp:attachment":[{"href":"https:\/\/edihcassovium.sk\/en\/wp-json\/wp\/v2\/media?parent=3366"}],"curies":[{"name":"wp","href":"https:\/\/api.w.org\/{rel}","templated":true}]}}